{"id":1751,"date":"2021-12-23T11:04:29","date_gmt":"2021-12-23T11:04:29","guid":{"rendered":"https:\/\/www.esociety-conf.org\/?page_id=1751"},"modified":"2025-02-14T16:27:12","modified_gmt":"2025-02-14T16:27:12","slug":"informacao-importante","status":"publish","type":"page","link":"https:\/\/www.ciawi-conf.org\/pt\/informacao-importante\/","title":{"rendered":"Informa\u00e7\u00e3o Importante"},"content":{"rendered":"<p style=\"text-align: justify;\">Continuamos monitorando de perto os desenvolvimentos do COVID-19 e devido a esta situa\u00e7\u00e3o sem precedentes com a pandemia, a confer\u00eancia CIAWI 2025 ser\u00e1 realizada virtualmente usando a plataforma Zoom. O Zoom permite a videoconfer\u00eancia com reuni\u00f5es on-line simples e mensagens em grupo em uma plataforma f\u00e1cil de usar.<\/p>\n<p style=\"text-align: justify;\">Daremos a possibilidade aos autores de fazerem suas apresenta\u00e7\u00f5es on-line, de maneira s\u00edncrona. Usaremos o fuso hor\u00e1rio de Lisboa, Portugal para organizar o programa e agendar as sess\u00f5es. Para quem n\u00e3o pode estar ao vivo, fazendo a apresenta\u00e7\u00e3o, teremos a oportunidade de pr\u00e9-gravar e transmitir durante as sess\u00f5es.<\/p>\n<p style=\"text-align: justify;\">Todas as sess\u00f5es ser\u00e3o gravadas e as grava\u00e7\u00f5es de todas as apresenta\u00e7\u00f5es ser\u00e3o disponibilizadas a todos os participantes da confer\u00eancia. Mais instru\u00e7\u00f5es sobre essas apresenta\u00e7\u00f5es ser\u00e3o enviadas a todos os autores registrados.<\/p>\n<p style=\"text-align: justify;\">Estamos fazendo todos os esfor\u00e7os para fornecer as melhores intera\u00e7\u00f5es cient\u00edficas e sociais entre os participantes e adotando esta maneira virtual de realizar a confer\u00eancia, estamos levando em considera\u00e7\u00e3o o bem-estar e sa\u00fade de todos os participantes da confer\u00eancia.<\/p>\n","protected":false},"excerpt":{"rendered":"<p>Continuamos monitorando de perto os desenvolvimentos do COVID-19 e devido a esta situa\u00e7\u00e3o sem precedentes com a pandemia, a confer\u00eancia CIAWI 2025 ser\u00e1 realizada virtualmente usando a plataforma Zoom. O Zoom permite a videoconfer\u00eancia com reuni\u00f5es on-line simples e mensagens em grupo em uma plataforma f\u00e1cil de usar. Daremos a possibilidade aos autores de fazerem [&hellip;]<\/p>\n","protected":false},"author":2,"featured_media":0,"parent":0,"menu_order":0,"comment_status":"closed","ping_status":"closed","template":"","meta":{"footnotes":""},"class_list":["post-1751","page","type-page","status-publish","hentry"],"_links":{"self":[{"href":"https:\/\/www.ciawi-conf.org\/pt\/wp-json\/wp\/v2\/pages\/1751","targetHints":{"allow":["GET"]}}],"collection":[{"href":"https:\/\/www.ciawi-conf.org\/pt\/wp-json\/wp\/v2\/pages"}],"about":[{"href":"https:\/\/www.ciawi-conf.org\/pt\/wp-json\/wp\/v2\/types\/page"}],"author":[{"embeddable":true,"href":"https:\/\/www.ciawi-conf.org\/pt\/wp-json\/wp\/v2\/users\/2"}],"replies":[{"embeddable":true,"href":"https:\/\/www.ciawi-conf.org\/pt\/wp-json\/wp\/v2\/comments?post=1751"}],"version-history":[{"count":6,"href":"https:\/\/www.ciawi-conf.org\/pt\/wp-json\/wp\/v2\/pages\/1751\/revisions"}],"predecessor-version":[{"id":2512,"href":"https:\/\/www.ciawi-conf.org\/pt\/wp-json\/wp\/v2\/pages\/1751\/revisions\/2512"}],"wp:attachment":[{"href":"https:\/\/www.ciawi-conf.org\/pt\/wp-json\/wp\/v2\/media?parent=1751"}],"curies":[{"name":"wp","href":"https:\/\/api.w.org\/{rel}","templated":true}]}}