{"id":38,"date":"2014-03-26T22:19:58","date_gmt":"2014-03-26T22:19:58","guid":{"rendered":"http:\/\/its-conf.org\/2014\/?page_id=38"},"modified":"2024-11-11T12:10:07","modified_gmt":"2024-11-11T12:10:07","slug":"submissions","status":"publish","type":"page","link":"https:\/\/www.ciawi-conf.org\/oldconferences\/2024\/pt\/submissions\/","title":{"rendered":"Submiss\u00f5es"},"content":{"rendered":"<p style=\"text-align: justify;\">Estas instru\u00e7\u00f5es devem ser seguidas por todas as submiss\u00f5es. Por favor, leia atentamente e utilize o\u00a0<strong><a href=\"https:\/\/ciawi-conf.org\/pt\/wp-content\/uploads\/2022\/04\/IADIS_Conference_Template.doc\" target=\"_blank\" rel=\"noopener noreferrer\">Modelo Word<\/a>\u00a0<\/strong>fornecido. De seguida, use o\u00a0<strong>Sistema de Submiss\u00e3o Electr\u00f3nica<\/strong>\u00a0para submeter o seu artigo\/poster.<\/p>\n<p style=\"text-align: justify;\"><strong>Notas Importantes:<br \/>\n<\/strong>O artigo\/poster submetido deve ser completo. N\u00e3o s\u00e3o aceites resumos.<\/p>\n<p style=\"text-align: justify;\">O ficheiro do artigo\/poster submetido deve ser submetido anonimamente (sem quaisquer refer\u00eancias aos autores e afilia\u00e7\u00f5es).<\/p>\n<p style=\"text-align: justify;\">A confer\u00eancia definiu um<strong> limite m\u00e1ximo de 3 submiss\u00f5es por autor (incluindo artigos em coautoria)<\/strong>. Importante: submiss\u00f5es al\u00e9m deste limite n\u00e3o ser\u00e3o consideradas.<\/p>\n<p style=\"text-align: justify;\"><strong>Instru\u00e7\u00f5es para Submiss\u00e3o<\/strong><\/p>\n<p style=\"text-align: justify;\">As regras incluem descri\u00e7\u00f5es completas das fontes, espa\u00e7amentos, e informa\u00e7\u00e3o relacionada para produzir a sua submiss\u00e3o.<\/p>\n<p style=\"text-align: justify;\"><strong>Tamanho da p\u00e1gina:<\/strong>\u00a0A4<\/p>\n<table style=\"margin: 10px 0 10px;\" border=\"0\">\n<tbody>\n<tr>\n<td><strong>Margens:<\/strong><\/td>\n<td style=\"width: 10%;\"><\/td>\n<td>Top:<br \/>\nLeft:<br \/>\nHeader:<\/td>\n<td>3,3 cm<br \/>\n3 cm<br \/>\n1,5 cm<\/td>\n<td style=\"width: 10%;\"><\/td>\n<td>Bottom:<br \/>\nRight:<br \/>\nFooter:<\/td>\n<td>4 cm<br \/>\n2,5 cm<br \/>\n2,5 cm<\/td>\n<\/tr>\n<\/tbody>\n<\/table>\n<p style=\"text-align: justify;\"><strong>N\u00c3O USE rodap\u00e9s, cabe\u00e7alhos e n\u00fameros de p\u00e1gina.<\/strong><\/p>\n<p style=\"text-align: justify;\"><strong>T\u00edtulo:<\/strong>\u00a0O t\u00edtulo deve ser centrado em 16pt Times New Roman, a negrito, em mai\u00fasculas e o par\u00e1grafo com espa\u00e7amento depois de 24pt.<\/p>\n<p style=\"text-align: justify;\"><strong>Autores:<\/strong>\u00a0O nome dos autores deve ser centrado em 11pt Times New Roman.<\/p>\n<p style=\"text-align: justify;\"><strong>Afilia\u00e7\u00e3o:<\/strong>\u00a0A afilia\u00e7\u00e3o deve ser centrada, em it\u00e1lico a 9pt Times New Roman.<\/p>\n<p style=\"text-align: justify;\"><strong>Resumo:<\/strong>\u00a0Use a palavra RESUMO como t\u00edtulo, em 9pt Times New Roman, a negrito, par\u00e1grafo com espa\u00e7amento antes 42pt e com espa\u00e7amento depois 6pt. O resumo deve ser em 9pt Times New Roman e justificado.<\/p>\n<p style=\"text-align: justify;\"><strong>Palavras Chave:<\/strong>\u00a0Use PALAVRAS-CHAVE como t\u00edtulo, em 9pt Times New Roman, a negrito, par\u00e1grafo com espa\u00e7amento antes 18pt e espa\u00e7amento depois 6pt. As palavras-chave s\u00e3o em 10pt Times New Roman e justificado.<\/p>\n<p style=\"text-align: justify;\"><strong>Texto Principal:<\/strong>\u00a0Escreva o texto principal em 10pt Times New Roman e justificado. Por favor, n\u00e3o coloque quaisquer linhas brancas entre par\u00e1grafos. Os segundo par\u00e1grafos e seguintes devem ser avan\u00e7ados na primeira linha 0,5 cm.<\/p>\n<p style=\"text-align: justify;\">Listagens de programas ou comandos de programas em texto devem ser escritas normalmente em fonte m\u00e1quina, por exemplo CMTT9 ou Courier.<\/p>\n<p style=\"text-align: justify;\"><strong>T\u00edtulos de N\u00edvel 1:<\/strong>\u00a0Por exemplo, &#8220;1. T\u00cdTULO&#8221;, devem ser em 13pt Times New Roman, a negrito, par\u00e1grafo com espa\u00e7amento antes 24pt e espa\u00e7amento depois 12pt e em mai\u00fasculas. Use um ponto (&#8220;.&#8221;) depois do n\u00famero do t\u00edtulo.<\/p>\n<p style=\"text-align: justify;\"><strong>T\u00edtulos de N\u00edvel 2:<\/strong>\u00a0Por exemplo, &#8220;1.1 T\u00edtulo&#8221;, devem ser em 13pt Times New Roman, a negrito, com a letra da primeira palavra a mai\u00fasculo, par\u00e1grafo com espa\u00e7amento antes e depois 12pt. N\u00e3o use um ponto (&#8220;.&#8221;) depois do n\u00famero do t\u00edtulo.<\/p>\n<p style=\"text-align: justify;\"><strong>T\u00edtulos de N\u00edvel 3:<\/strong>\u00a0Por exemplo, &#8220;1.1.1 T\u00edtulo&#8221; devem ser em 11pt Times New Roman, a negrito, com a letra da primeira palavra a mai\u00fasculo, par\u00e1grafo com espa\u00e7amento antes e depois 6pt. N\u00e3o use um ponto (&#8220;.&#8221;) depois do n\u00famero do t\u00edtulo.<\/p>\n<p style=\"text-align: justify;\">N\u00e3o use mais do que tr\u00eas n\u00edveis de t\u00edtulos.<\/p>\n<p style=\"text-align: justify;\"><strong>Notas de Rodap\u00e9:<\/strong>\u00a0Evite o uso de notas de rodap\u00e9 (ou n\u00e3o use mesmo) e coloque-as no inferior da p\u00e1gina onde elas s\u00e3o referenciadas. Use 8pt Times New Roman, justificado.<\/p>\n<p style=\"text-align: justify;\"><strong>Figuras e Tabelas:<\/strong>\u00a0Todas as figuras e tabelas devem ter legenda. As legendas das figuras e tabelas devem ser a 9pt Times New Roman. Para as legendas das figuras e tabelas colocar s\u00f3 a letra da primeira palavra a mai\u00fasculo. As figuras e tabelas de ser numeradas separadamente. Por exemplo &#8220;Figura 1. Texto aqui&#8221;, &#8220;Tabela 1. Texto aqui&#8221;. As legendas das figures devem ser centradas debaixo das figuras, par\u00e1grafo com espa\u00e7amento antes e depois 6pt. Os t\u00edtulos das tabelas devem ser centrados por cima das tabelas, par\u00e1grafo com espa\u00e7amento antes e depois 6pt.<\/p>\n<p style=\"text-align: justify;\"><strong>Refer\u00eancias:<\/strong>\u00a0As refer\u00eancias devem ser listadas alfabeticamente. As refer\u00eancias devem ser em 9pt Times New Roman, justificadas, avan\u00e7o pendente 0,5 cm e par\u00e1grafo com espa\u00e7amento depois 2pt.<\/p>\n","protected":false},"excerpt":{"rendered":"<p>Estas instru\u00e7\u00f5es devem ser seguidas por todas as submiss\u00f5es. Por favor, leia atentamente e utilize o\u00a0Modelo Word\u00a0fornecido. De seguida, use o\u00a0Sistema de Submiss\u00e3o Electr\u00f3nica\u00a0para submeter o seu artigo\/poster. Notas Importantes: O artigo\/poster submetido deve ser completo. N\u00e3o s\u00e3o aceites resumos. O ficheiro do artigo\/poster submetido deve ser submetido anonimamente (sem quaisquer refer\u00eancias aos autores e [&hellip;]<\/p>\n","protected":false},"author":1,"featured_media":0,"parent":0,"menu_order":0,"comment_status":"closed","ping_status":"closed","template":"","meta":{"footnotes":""},"_links":{"self":[{"href":"https:\/\/www.ciawi-conf.org\/oldconferences\/2024\/pt\/wp-json\/wp\/v2\/pages\/38"}],"collection":[{"href":"https:\/\/www.ciawi-conf.org\/oldconferences\/2024\/pt\/wp-json\/wp\/v2\/pages"}],"about":[{"href":"https:\/\/www.ciawi-conf.org\/oldconferences\/2024\/pt\/wp-json\/wp\/v2\/types\/page"}],"author":[{"embeddable":true,"href":"https:\/\/www.ciawi-conf.org\/oldconferences\/2024\/pt\/wp-json\/wp\/v2\/users\/1"}],"replies":[{"embeddable":true,"href":"https:\/\/www.ciawi-conf.org\/oldconferences\/2024\/pt\/wp-json\/wp\/v2\/comments?post=38"}],"version-history":[{"count":48,"href":"https:\/\/www.ciawi-conf.org\/oldconferences\/2024\/pt\/wp-json\/wp\/v2\/pages\/38\/revisions"}],"predecessor-version":[{"id":2483,"href":"https:\/\/www.ciawi-conf.org\/oldconferences\/2024\/pt\/wp-json\/wp\/v2\/pages\/38\/revisions\/2483"}],"wp:attachment":[{"href":"https:\/\/www.ciawi-conf.org\/oldconferences\/2024\/pt\/wp-json\/wp\/v2\/media?parent=38"}],"curies":[{"name":"wp","href":"https:\/\/api.w.org\/{rel}","templated":true}]}}