{"id":20,"date":"2014-03-26T22:16:51","date_gmt":"2014-03-26T22:16:51","guid":{"rendered":"http:\/\/its-conf.org\/2014\/?page_id=20"},"modified":"2024-07-31T20:19:06","modified_gmt":"2024-07-31T20:19:06","slug":"registrationrates","status":"publish","type":"page","link":"https:\/\/www.ciawi-conf.org\/oldconferences\/2024\/pt\/registrationrates\/","title":{"rendered":"Tarifas da Confer\u00eancia"},"content":{"rendered":"<p>As seguintes tarifas aplicam-se a membros da IADIS com inscri\u00e7\u00f5es v\u00e1lidas e tamb\u00e9m a n\u00e3o membros.<\/p>\n<p><strong>Por favor note:<\/strong><\/p>\n<ul>\n<li style=\"text-align: justify;\"><strong>Tarifas regulares incluem:<\/strong>\u00a0Acesso a todas as sess\u00f5es, Certificado e C\u00f3pia digital das Actas da Confer\u00eancia.<\/li>\n<li style=\"text-align: justify;\"><strong>O livro de actas \u00e9 Extra<\/strong>\u2013 a c\u00f3pia digital com as Actas contem todos os artigos publicados no \u00e2mbito da Confer\u00eancia e j\u00e1 est\u00e1 inclu\u00eddo no pre\u00e7o das tarifas regulares.<\/li>\n<li style=\"text-align: justify;\"><strong>O pagamento da inscri\u00e7\u00e3o deve ser feita em Euros<\/strong>, aceitamos cart\u00e3o de cr\u00e9dito (Visa, MasterCard e American Express) ou transfer\u00eancia banc\u00e1ria (todos os custos a cargo do transmissor). Se voc\u00ea efetuar o pagamento por transfer\u00eancia banc\u00e1ria, envie uma c\u00f3pia do comprovativo para o e-mail do secretariado da confer\u00eancia.<br \/>\n<table border=\"1\" width=\"810\" align=\"center\">\n<tbody>\n<tr>\n<td><\/td>\n<td style=\"text-align: center;\"><strong>At\u00e9 21 Outubro 2024<br \/>\n(Pre\u00e7os em EURO)<br \/>\n<\/strong><\/td>\n<td style=\"text-align: center;\"><strong>Ap\u00f3s 21 Outubro 2024<br \/>\n(Pre\u00e7os em EURO)<\/strong><\/td>\n<\/tr>\n<tr>\n<td><strong>Membro IADIS *\/ Estudante N\u00e3o Membro**<\/strong><\/td>\n<td style=\"text-align: center;\">190<\/td>\n<td style=\"text-align: center;\">260<\/td>\n<\/tr>\n<tr>\n<td><strong>Estudante IADIS Membro ** \/ Participante\u00a0<\/strong><\/td>\n<td style=\"text-align: center;\">110<\/td>\n<td style=\"text-align: center;\">180<\/td>\n<\/tr>\n<tr>\n<td><strong>N\u00e3o Membro<\/strong><\/td>\n<td style=\"text-align: center;\">270<\/td>\n<td style=\"text-align: center;\">340<\/td>\n<\/tr>\n<\/tbody>\n<\/table>\n<\/li>\n<\/ul>\n<div align=\"center\">\n<div align=\"center\">\n<p style=\"text-align: justify;\">* com inscri\u00e7\u00e3o de membro v\u00e1lida.<\/p>\n<p style=\"text-align: justify;\">** As tarifas de estudante aplicam-se apenas a estudantes a tempo inteiro (full time) sendo necess\u00e1ria declara\u00e7\u00e3o da Universidade atestando este facto (a declara\u00e7\u00e3o deve ser enviada por fax \u2013 de outra forma n\u00e3o ser\u00e1 considerado). Queira notar que o original da declara\u00e7\u00e3o de estudante\/ cart\u00e3o de estudante dever\u00e1 ser apresentado \u00e0 recep\u00e7\u00e3o na confer\u00eancia.<\/p>\n<p style=\"text-align: justify;\"><strong>Inscri\u00e7\u00e3o como Membro IADIS<\/strong>\u00a0\u2013 75 Euro (Valido para inscri\u00e7\u00e3o de um ano)<\/p>\n<p style=\"text-align: justify;\"><strong>Livro com actas da Confer\u00eancia<\/strong>\u00a0\u2013 40 Euro<\/p>\n<p style=\"text-align: justify;\"><strong>C\u00f3pia Digital com as Actas da Confer\u00eancia<\/strong>\u00a0\u2013 25 Euro (uma c\u00f3pia digital est\u00e1 inclu\u00edda em todas as inscri\u00e7\u00f5es)<\/p>\n<p style=\"text-align: justify;\"><strong>Autor apresentando um artigo adicional<\/strong> \u2013 90 Euro (<u>Por favor note: S\u00f3 \u00e9 permitida uma apresenta\u00e7\u00e3o adicional por cada inscri\u00e7\u00e3o<\/u>.)<\/p>\n<p style=\"text-align: justify;\">As seguintes tarifas aplicam-se ao n\u00famero de p\u00e1ginas das submiss\u00f5es finais (artigos aceites) :<\/p>\n<\/div>\n<div align=\"center\">\n<table style=\"height: 168px;\" border=\"1\" align=\"center\">\n<tbody>\n<tr style=\"height: 48px;\">\n<td style=\"height: 48px; width: 182px;\"><\/td>\n<td style=\"text-align: center; height: 48px; width: 241px;\"><strong>P\u00e1ginas inclu\u00eddas no pre\u00e7o normal<\/strong><\/td>\n<td style=\"text-align: center; height: 48px; width: 120px;\"><strong>p\u00e1ginas extras***<\/strong><\/td>\n<td style=\"text-align: center; height: 48px; width: 254px;\"><strong>N\u00famero m\u00e1ximo de p\u00e1ginas no total<\/strong><\/td>\n<\/tr>\n<tr style=\"height: 24px;\">\n<td style=\"text-align: center; height: 24px; width: 182px;\"><strong>Artigo Longo<\/strong><\/td>\n<td style=\"text-align: center; height: 24px; width: 241px;\">8<\/td>\n<td style=\"text-align: center; height: 24px; width: 120px;\">at\u00e9 4<\/td>\n<td style=\"text-align: center; height: 24px; width: 254px;\">12<\/td>\n<\/tr>\n<tr style=\"height: 24px;\">\n<td style=\"text-align: center; height: 24px; width: 182px;\"><strong>Artigo Curto<\/strong><\/td>\n<td style=\"text-align: center; height: 24px; width: 241px;\">5<\/td>\n<td style=\"text-align: center; height: 24px; width: 120px;\">at\u00e9 1<\/td>\n<td style=\"text-align: center; height: 24px; width: 254px;\">6<\/td>\n<\/tr>\n<tr style=\"height: 24px;\">\n<td style=\"text-align: center; height: 24px; width: 182px;\"><strong>Cons\u00f3rcio Doutoral<\/strong><\/td>\n<td style=\"text-align: center; height: 24px; width: 241px;\">5<\/td>\n<td style=\"text-align: center; height: 24px; width: 120px;\">at\u00e9 1<\/td>\n<td style=\"text-align: center; height: 24px; width: 254px;\">6<\/td>\n<\/tr>\n<tr style=\"height: 24px;\">\n<td style=\"text-align: center; height: 24px; width: 182px;\"><strong>Artigo de Reflex\u00e3o<\/strong><\/td>\n<td style=\"text-align: center; height: 24px; width: 241px;\">4<\/td>\n<td style=\"text-align: center; height: 24px; width: 120px;\">at\u00e9 1<\/td>\n<td style=\"text-align: center; height: 24px; width: 254px;\">5<\/td>\n<\/tr>\n<tr style=\"height: 24px;\">\n<td style=\"text-align: center; height: 24px; width: 182px;\"><strong>Poster\/Demonstra\u00e7\u00e3o<\/strong><\/td>\n<td style=\"text-align: center; height: 24px; width: 241px;\">3<\/td>\n<td style=\"text-align: center; height: 24px; width: 120px;\">at\u00e9 1<\/td>\n<td style=\"text-align: center; height: 24px; width: 254px;\">4<\/td>\n<\/tr>\n<\/tbody>\n<\/table>\n<div align=\"center\">\n<p>*** O pre\u00e7o das p\u00e1ginas extra \u00e9 de Euro 50 por cada p\u00e1gina extra.<\/p>\n<p><strong>O formul\u00e1rio de inscri\u00e7\u00e3o na confer\u00eancia est\u00e1 dispon\u00edvel\u00a0<\/strong><a href=\"https:\/\/www.conf-system.org\/confman_ciawi2024_pt\/registration.asp\" target=\"_blank\" rel=\"noopener noreferrer\"><strong>aqui<\/strong><\/a><strong>.<\/strong><\/p>\n<\/div>\n<\/div>\n<\/div>\n","protected":false},"excerpt":{"rendered":"<p>As seguintes tarifas aplicam-se a membros da IADIS com inscri\u00e7\u00f5es v\u00e1lidas e tamb\u00e9m a n\u00e3o membros. Por favor note: Tarifas regulares incluem:\u00a0Acesso a todas as sess\u00f5es, Certificado e C\u00f3pia digital das Actas da Confer\u00eancia. O livro de actas \u00e9 Extra\u2013 a c\u00f3pia digital com as Actas contem todos os artigos publicados no \u00e2mbito da Confer\u00eancia [&hellip;]<\/p>\n","protected":false},"author":1,"featured_media":0,"parent":0,"menu_order":0,"comment_status":"closed","ping_status":"closed","template":"","meta":{"footnotes":""},"_links":{"self":[{"href":"https:\/\/www.ciawi-conf.org\/oldconferences\/2024\/pt\/wp-json\/wp\/v2\/pages\/20"}],"collection":[{"href":"https:\/\/www.ciawi-conf.org\/oldconferences\/2024\/pt\/wp-json\/wp\/v2\/pages"}],"about":[{"href":"https:\/\/www.ciawi-conf.org\/oldconferences\/2024\/pt\/wp-json\/wp\/v2\/types\/page"}],"author":[{"embeddable":true,"href":"https:\/\/www.ciawi-conf.org\/oldconferences\/2024\/pt\/wp-json\/wp\/v2\/users\/1"}],"replies":[{"embeddable":true,"href":"https:\/\/www.ciawi-conf.org\/oldconferences\/2024\/pt\/wp-json\/wp\/v2\/comments?post=20"}],"version-history":[{"count":100,"href":"https:\/\/www.ciawi-conf.org\/oldconferences\/2024\/pt\/wp-json\/wp\/v2\/pages\/20\/revisions"}],"predecessor-version":[{"id":2459,"href":"https:\/\/www.ciawi-conf.org\/oldconferences\/2024\/pt\/wp-json\/wp\/v2\/pages\/20\/revisions\/2459"}],"wp:attachment":[{"href":"https:\/\/www.ciawi-conf.org\/oldconferences\/2024\/pt\/wp-json\/wp\/v2\/media?parent=20"}],"curies":[{"name":"wp","href":"https:\/\/api.w.org\/{rel}","templated":true}]}}