{"id":18,"date":"2014-03-26T22:16:26","date_gmt":"2014-03-26T22:16:26","guid":{"rendered":"http:\/\/its-conf.org\/2014\/?page_id=18"},"modified":"2024-09-30T10:14:08","modified_gmt":"2024-09-30T10:14:08","slug":"datas-importantes","status":"publish","type":"page","link":"https:\/\/www.ciawi-conf.org\/oldconferences\/2024\/pt\/datas-importantes\/","title":{"rendered":"Datas Importantes"},"content":{"rendered":"<p><strong>\u2013 Prazo Limite para Submiss\u00e3o (\u00daltima Chamada): <\/strong>25\u00a0Outubro 2024<\/p>\n<p><strong>\u2013 Notifica\u00e7\u00e3o aos Autores (\u00daltima Chamada): <\/strong>18 Novembro\u00a02024<\/p>\n<p><strong>\u2013 Submiss\u00e3o de Vers\u00f5es Finais e Inscri\u00e7\u00e3o (1\u00aa chamada): <\/strong>21 Outubro 2024<\/p>\n<p><strong>\u2013 Confer\u00eancia:<\/strong> 11 \u2013 12 Dezembro 2024<\/p>\n","protected":false},"excerpt":{"rendered":"<p>\u2013 Prazo Limite para Submiss\u00e3o (\u00daltima Chamada): 25\u00a0Outubro 2024 \u2013 Notifica\u00e7\u00e3o aos Autores (\u00daltima Chamada): 18 Novembro\u00a02024 \u2013 Submiss\u00e3o de Vers\u00f5es Finais e Inscri\u00e7\u00e3o (1\u00aa chamada): 21 Outubro 2024 \u2013 Confer\u00eancia: 11 \u2013 12 Dezembro 2024<\/p>\n","protected":false},"author":1,"featured_media":0,"parent":0,"menu_order":0,"comment_status":"closed","ping_status":"closed","template":"","meta":{"footnotes":""},"_links":{"self":[{"href":"https:\/\/www.ciawi-conf.org\/oldconferences\/2024\/pt\/wp-json\/wp\/v2\/pages\/18"}],"collection":[{"href":"https:\/\/www.ciawi-conf.org\/oldconferences\/2024\/pt\/wp-json\/wp\/v2\/pages"}],"about":[{"href":"https:\/\/www.ciawi-conf.org\/oldconferences\/2024\/pt\/wp-json\/wp\/v2\/types\/page"}],"author":[{"embeddable":true,"href":"https:\/\/www.ciawi-conf.org\/oldconferences\/2024\/pt\/wp-json\/wp\/v2\/users\/1"}],"replies":[{"embeddable":true,"href":"https:\/\/www.ciawi-conf.org\/oldconferences\/2024\/pt\/wp-json\/wp\/v2\/comments?post=18"}],"version-history":[{"count":74,"href":"https:\/\/www.ciawi-conf.org\/oldconferences\/2024\/pt\/wp-json\/wp\/v2\/pages\/18\/revisions"}],"predecessor-version":[{"id":2478,"href":"https:\/\/www.ciawi-conf.org\/oldconferences\/2024\/pt\/wp-json\/wp\/v2\/pages\/18\/revisions\/2478"}],"wp:attachment":[{"href":"https:\/\/www.ciawi-conf.org\/oldconferences\/2024\/pt\/wp-json\/wp\/v2\/media?parent=18"}],"curies":[{"name":"wp","href":"https:\/\/api.w.org\/{rel}","templated":true}]}}