{"id":16,"date":"2014-03-26T22:15:08","date_gmt":"2014-03-26T22:15:08","guid":{"rendered":"http:\/\/its-conf.org\/2014\/?page_id=16"},"modified":"2024-11-26T17:37:26","modified_gmt":"2024-11-26T17:37:26","slug":"committees","status":"publish","type":"page","link":"https:\/\/www.ciawi-conf.org\/oldconferences\/2024\/pt\/committees\/","title":{"rendered":"Comit\u00e9 Cient\u00edfico"},"content":{"rendered":"<p><strong>Co-Chairs<\/strong><\/p>\n<p>Fl\u00e1via Santoro, Inteli &#8211; Instituto de Tecnologia e Lideran\u00e7a, Brasil<\/p>\n<p>Cristiano Costa, Universidade do Vale do Rio dos Sinos (Unisinos), Brasil<\/p>\n<p>&nbsp;<\/p>\n<p><b>Program Chair<\/b><\/p>\n<p>Paula Miranda, Escola Superior de Tecnologia, IPS, Portugal<\/p>\n<p>&nbsp;<\/p>\n<p><strong>Membros do Comit\u00e9<\/strong><\/p>\n<p>Alejandro Zunino, Tandil University, Argentina<br \/>\nAlexandre\u00a0Sena, UERJ, Brasil<br \/>\n\u00c1lvaro\u00a0Su\u00e1rez Sarmiento, Las Palmas de Gran Canaria University, Espa\u00f1a<br \/>\nAna \u00a0Guimar\u00e3es, Isla Gaia, Portugal<br \/>\nBr\u00e1ulio\u00a0Alturas, Instituto Universit\u00e1rio de Lisboa (ISCTE-IUL), Portugal<br \/>\nCarlos Serr\u00e3o, ISCTE-IUL, Portugal<br \/>\nCesar Collazos, University of Cauca, Colombia<br \/>\nCesar Guerra, Universidad Politecnica de San Luis Potosi, Mexico<br \/>\nClaudia Marcos, Unicen University, Argentina<br \/>\nClaudia\u00a0Motta, Universidade Federal do Rio de Janeiro, Brasil<br \/>\nClaudio Luis\u00a0Frankenberg, Pucrs, Brasil<br \/>\nDebora Barbosa, Universidade Feevale, Brasil<br \/>\nDominique Decouchant, Universidad Autonoma Metropolitana, Mexico<br \/>\nDuncan\u00a0Ruiz, Pontif\u00edcia Universidade Cat\u00f3lica do Rio Grande do Sul, Brasil<br \/>\nEmilio\u00a0Insfran, Universitat Polit\u00e8cnica de Val\u00e8ncia, Espa\u00f1a<br \/>\nF\u00e1bio Ferrentini\u00a0Sampaio, Instituto Polit\u00e9cnico de Set\u00fabal, Portugal<br \/>\nFatima \u00a0Armas, Universidade de Coimbra, Portugal<br \/>\nFederico\u00a0Botella, Universidad Miguel Hernandez de Elche, Espa\u00f1a<br \/>\nFelipe\u00a0Gustsack, Universidade de Santa Cruz do Sul, Brasil<br \/>\nFernando Ribeiro, Instituto Politecnico de Castelo Branco, Portugal<br \/>\nFernando\u00a0Moreira, REMIT, Universidade Portucalense, Portugal<br \/>\nFrancisco J. Garcia Penalvo, Universidad de Salamanca, Espa\u00f1a<br \/>\nGeorgia\u00a0Gomes, Universidade Federal Fluminense &#8211; UFF &#8211; INFES, Brasil<br \/>\nHenrique Teixeira Gil, Age.Comm-Instituto Polit\u00e9cnico de Castelo Branco, Portugal<br \/>\nHilda Carvalho de Oliveira, Unesp &#8211; Universidade Estadual Paulista , Brasil<br \/>\nIsidro Ramos, Universidad Polit\u00e9cnica de Valencia, Espa\u00f1a<br \/>\nJavier\u00a0Soriano, Universidad Polit\u00e9cnica de Madrid, Espa\u00f1a<br \/>\nJes\u00fas\u00a0Rosa-bilbao, University of Cadiz, Espa\u00f1a<br \/>\nJo\u00e3o Paulo \u00a0Ribeiro Pereira, Instituto Polit\u00e9cnico de Bragan\u00e7a, Portugal<br \/>\nJoaquim\u00a0Sousa Pinto, Universidade de Aveiro , Portugal<br \/>\nJorge\u00a0Barbosa, Unisinos, Brasil<br \/>\nJose Carlos M M\u00a0Metrolho, Instituto Polit\u00e9cnico de Castelo Branco, Portugal<br \/>\nJos\u00e9 Manuel\u00a0Gon\u00e7alves , Instituto Polit\u00e9cnico de Coimbra, Escola Superior, Portugal<br \/>\nJose\u00a0Farinha, Instituto Polit\u00e9cnico de Coimbra, Portugal<br \/>\nJuan Manuel \u00a0Vara, Universidad Rey Juan Carlos, Espa\u00f1a<br \/>\nKatja Gilly, Universidad Miguel Hernandez, Espa\u00f1a<br \/>\nLeonor Teixeira, Universidade de Aveiro, Portugal<br \/>\nLidia Oliveira Silva , Universidade de Aveiro, Portugal<br \/>\nLuisa Domingues, ISTAR-IUL, Portugal<br \/>\nMarcelo\u00a0Lobosco, Ufjf, Brasil<br \/>\nMarco\u00a0Painho, Universidade Nova de Lisboa, Portugal<br \/>\nMarcos A.\u00a0F. Borges, UNICAMP, Brasil<br \/>\nMarcus\u00a0Guelpeli, Universidade Federal dos Vales do Jequitinhonha e Mucuri, Brasil<br \/>\nMaria \u00c1ngeles\u00a0Moraga, Universidad de Castilla-la Mancha, Espa\u00f1a<br \/>\nMaria Luque\u00a0Rodriguez, Universidad de Cordoba, Espa\u00f1a<br \/>\nMonica Costa, Instituto Politecnico de Castelo Branco, Portugal<br \/>\nNathalie Moreno, Universidad de M\u00e1laga, Espa\u00f1a<br \/>\nNuno \u00a0Fortes, Instituto Polit\u00e9cnico de Coimbra, ESTGOH, Portugal<br \/>\nP. Pablo \u00a0Garrido Abenza, Universidad Miguel Hernandez, Espa\u00f1a<br \/>\nPaula\u00a0Oliveira, Universidade de Tr\u00e1s-os-montes e Alto Douro, Portugal<br \/>\nPaulo Trigo, Instituto Superior de Engenharia de Lisboa, Portugal<br \/>\nPaulo\u00a0Loureiro, Instituto Polit\u00e9cnico de Leiria, Portugal<br \/>\nPedro Pina, Instituto Polit\u00e9cnico de Coimbra &#8211; ESTGOH, Portugal<br \/>\nRejane\u00a0Frozza, Universidade de Santa Cruz do Sul, Brasil<br \/>\nSalvador\u00a0Alcaraz, Universidad Miguel Hernandez, Espa\u00f1a<br \/>\nSilvia Beatriz\u00a0Gonzalez Brambila, Universidad Autonoma Metropolitana, M\u00e9xico<br \/>\nVirginia\u00a0Yannibelli, Isistan Research Institute (UNCPBA &#8211; CONICET), Argentina<br \/>\nVitor Gon\u00e7alves , Instituto Polit\u00e9cnico de Bragan\u00e7a, Portugal<br \/>\nYolanda Escudero Martin, Florida Universit\u00e0ria, Espa\u00f1a<br \/>\nZita Sampaio, Instituto Superior T\u00e9cnico, Portugal<\/p>\n","protected":false},"excerpt":{"rendered":"<p>Co-Chairs Fl\u00e1via Santoro, Inteli &#8211; Instituto de Tecnologia e Lideran\u00e7a, Brasil Cristiano Costa, Universidade do Vale do Rio dos Sinos (Unisinos), Brasil &nbsp; Program Chair Paula Miranda, Escola Superior de Tecnologia, IPS, Portugal &nbsp; Membros do Comit\u00e9 Alejandro Zunino, Tandil University, Argentina Alexandre\u00a0Sena, UERJ, Brasil \u00c1lvaro\u00a0Su\u00e1rez Sarmiento, Las Palmas de Gran Canaria University, Espa\u00f1a Ana [&hellip;]<\/p>\n","protected":false},"author":1,"featured_media":0,"parent":0,"menu_order":0,"comment_status":"closed","ping_status":"closed","template":"","meta":{"footnotes":""},"_links":{"self":[{"href":"https:\/\/www.ciawi-conf.org\/oldconferences\/2024\/pt\/wp-json\/wp\/v2\/pages\/16"}],"collection":[{"href":"https:\/\/www.ciawi-conf.org\/oldconferences\/2024\/pt\/wp-json\/wp\/v2\/pages"}],"about":[{"href":"https:\/\/www.ciawi-conf.org\/oldconferences\/2024\/pt\/wp-json\/wp\/v2\/types\/page"}],"author":[{"embeddable":true,"href":"https:\/\/www.ciawi-conf.org\/oldconferences\/2024\/pt\/wp-json\/wp\/v2\/users\/1"}],"replies":[{"embeddable":true,"href":"https:\/\/www.ciawi-conf.org\/oldconferences\/2024\/pt\/wp-json\/wp\/v2\/comments?post=16"}],"version-history":[{"count":113,"href":"https:\/\/www.ciawi-conf.org\/oldconferences\/2024\/pt\/wp-json\/wp\/v2\/pages\/16\/revisions"}],"predecessor-version":[{"id":2485,"href":"https:\/\/www.ciawi-conf.org\/oldconferences\/2024\/pt\/wp-json\/wp\/v2\/pages\/16\/revisions\/2485"}],"wp:attachment":[{"href":"https:\/\/www.ciawi-conf.org\/oldconferences\/2024\/pt\/wp-json\/wp\/v2\/media?parent=16"}],"curies":[{"name":"wp","href":"https:\/\/api.w.org\/{rel}","templated":true}]}}