{"id":14,"date":"2014-03-26T22:14:51","date_gmt":"2014-03-26T22:14:51","guid":{"rendered":"http:\/\/its-conf.org\/2014\/?page_id=14"},"modified":"2024-09-30T10:11:47","modified_gmt":"2024-09-30T10:11:47","slug":"chamada-de-trabalhos-em-portugues","status":"publish","type":"page","link":"https:\/\/www.ciawi-conf.org\/oldconferences\/2024\/pt\/chamada-de-trabalhos-em-portugues\/","title":{"rendered":"Chamada de Trabalhos em Portugu\u00eas"},"content":{"rendered":"<p style=\"text-align: justify;\">A confer\u00eancia Ibero-Americana WWW\/Internet 2024 pretende focar os principais aspectos relacionados com a WWW e a Internet. A WWW e a Internet tiveram um crescimento significativo nos \u00faltimos anos. As preocupa\u00e7\u00f5es j\u00e1 n\u00e3o se centram apenas nos aspectos tecnol\u00f3gicos e torna-se not\u00f3rio o despertar para outros aspectos. Esta confer\u00eancia pretende abordar ambos os aspectos, tecnol\u00f3gicos e n\u00e3o tecnol\u00f3gicos relacionados com este desenvolvimento.<\/p>\n<p>T\u00f3picos de interesse relacionados com a WWW e a Internet. Destaca-se, n\u00e3o estando limitado a estes t\u00f3picos:<\/p>\n<table border=\"0\" cellpadding=\"0\">\n<tbody>\n<tr>\n<td><strong>Web 2.0<\/strong><br \/>\n\u2022 Sistemas Colaborativos<br \/>\n\u2022 Redes Sociais<br \/>\n\u2022 Folksonomias<br \/>\n\u2022 Wikis e Blogs Empresariais<br \/>\n\u2022 Mashups e Programa\u00e7\u00e3o Web<br \/>\n\u2022 Tags e Sistemas de Categoriza\u00e7\u00e3o do Utilizador<br \/>\n\u2022 Jornalismo cidad\u00e3oWeb Sem\u00e2ntica e XML<br \/>\n\u2022 Arquitecturas<br \/>\n\u2022 Middleware<br \/>\n\u2022 Servi\u00e7os<br \/>\n\u2022 Agentes<br \/>\n\u2022 Ontologias<br \/>\n\u2022 Gest\u00e3o de Dados<br \/>\n\u2022 Recupera\u00e7\u00e3o de Informa\u00e7\u00e3o<\/p>\n<p><strong>Aplica\u00e7\u00f5es e Utiliza\u00e7\u00f5es<\/strong><br \/>\n\u2022 e-Learning<br \/>\n\u2022 e-Commerce \/ e-Business<br \/>\n\u2022 e-Government<br \/>\n\u2022 e-Health<br \/>\n\u2022 e-Procurement<br \/>\n\u2022 e-Society<br \/>\n\u2022 Bibliotecas Digitais<br \/>\n\u2022 Servi\u00e7os Web\/ Software como Servi\u00e7o<br \/>\n\u2022 Interoperabilidade de Aplica\u00e7\u00f5es<br \/>\n\u2022 Tecnologias Multimedia para a Web<\/p>\n<p><strong>Pr\u00e1tica e Experi\u00eancia Industrial<\/strong><br \/>\n\u2022 Aplica\u00e7\u00f5es Empresariais<br \/>\n\u2022 Casos de Estudo de Empresas<br \/>\n\u2022 Sistemas de Informa\u00e7\u00e3o Empresariais<\/td>\n<td><strong>Servi\u00e7os, Arquitecturas e Desenvolvimento da Web<\/strong><br \/>\n\u2022 Internet Wireless<br \/>\n\u2022 Internet M\u00f3vel<br \/>\n\u2022 Computa\u00e7\u00e3o em Cloud\/Grid<br \/>\n\u2022 M\u00e9tricas Web<br \/>\n\u2022 Web Standards<br \/>\n\u2022 Arquitecturas da Web<br \/>\n\u2022 Algoritmos de Rede<br \/>\n\u2022 Arquitecturas de Rede<br \/>\n\u2022 Computa\u00e7\u00e3o em Rede<br \/>\n\u2022 Gest\u00e3o de Redes<br \/>\n\u2022 Performance de Rede<br \/>\n\u2022 Tecnologias de Distribui\u00e7\u00e3o de Conte\u00fados<br \/>\n\u2022 Protocolos e standards<br \/>\n\u2022 Modelos de Tr\u00e1fego<\/p>\n<p><strong>Quest\u00f5es de Investiga\u00e7\u00e3o<\/strong><br \/>\n\u2022 Ci\u00eancia Web<br \/>\n\u2022 Gest\u00e3o de Direitos Digitais<br \/>\n\u2022 Bioinform\u00e1tica<br \/>\n\u2022 Usabilidade e Intera\u00e7\u00e3o Humano-Computador<br \/>\n\u2022 Seguran\u00e7a e Privacidade na Web<br \/>\n\u2022 Sistemas de Confian\u00e7a e Reputa\u00e7\u00e3o Online<br \/>\n\u2022 Data Analytics e Machine Learning<br \/>\n\u2022 Recupera\u00e7\u00e3o de Informa\u00e7\u00e3o<br \/>\n\u2022 Optimiza\u00e7\u00e3o de Motores de Busca<\/p>\n<p><strong>\u00c1reas Emergentes<\/strong><br \/>\n\u2022 Transforma\u00e7\u00e3o Digital<br \/>\n\u2022 Blockchain<br \/>\n\u2022 Bitcoin e outras criptomoedas<br \/>\n\u2022 Smart Cities<br \/>\n\u2022 Internet of Things<br \/>\n\u2022 Desenvolvimento de Apps M\u00f3veis<\/td>\n<\/tr>\n<\/tbody>\n<\/table>\n<p>A confer\u00eancia disp\u00f5e de v\u00e1rios Tipos de Contribui\u00e7\u00f5es:<\/p>\n<ul>\n<li><strong>Artigos Longos<\/strong>\u00a0\u2013 Trabalhos de investiga\u00e7\u00e3o com resultados\/finalizados. M\u00e1ximo de 8 p\u00e1ginas (5.000 palavras).<\/li>\n<li><strong>Artigos Curtos<\/strong>\u00a0\u2013 Trabalhos de investiga\u00e7\u00e3o em curso ou desenvolvidos recentemente. M\u00e1ximo de 4 p\u00e1ginas (2.500 palavras).<\/li>\n<li><strong>Artigos de Reflex\u00e3o<\/strong> \u2013 Estes poder\u00e3o rever investiga\u00e7\u00e3o liter\u00e1ria pertinentes a um problema ou a uma abordagem particular, indicar o que os achados sugerem, e\/ou fornecer uma sugest\u00e3o -com l\u00f3gica e argumenta\u00e7\u00e3o- para diferentes abordagens e perspectivas num determinado problema. Artigos de reflex\u00e3o poder\u00e3o tamb\u00e9m analizar tend\u00eancias gerais ou discutir aspectos importantes dos t\u00f3picos relacionados com a WWW\/Internet. Estes s\u00e3o constituidos no m\u00e1ximo por 4 p\u00e1ginas (2.500 palavras).<\/li>\n<li><strong>Posters \/ Demonstra\u00e7\u00f5es<\/strong>\u00a0\u2013 Estes cont\u00eam informa\u00e7\u00e3o de implementa\u00e7\u00e3o ou de trabalho em progresso em duas p\u00e1ginas no m\u00e1ximo (1250 palavras), para al\u00e9m do Poster ou Demonstra\u00e7\u00e3o a ser exposto na confer\u00eancia.<\/li>\n<li><strong>Tutoriais<\/strong>\u00a0\u2013 Podem ser apresentados por acad\u00e9micos ou por representantes de empresas. Propostas com um m\u00e1ximo de 250 palavras.<\/li>\n<li><strong>Pain\u00e9is<\/strong>\u00a0\u2013 Discuss\u00f5es sobre temas seleccionados. Propostas com um m\u00e1ximo de 250 palavras.<\/li>\n<li><strong>Palestras<\/strong>\u00a0\u2013 Apresenta\u00e7\u00f5es feitas por conhecidas personalidades do meio acad\u00e9mico e por representantes de empresas. Resumo das apresenta\u00e7\u00f5es publicado nas Actas da Confer\u00eancia.<\/li>\n<li><strong>Cons\u00f3rcio de P\u00f3s-Graduado<\/strong>\u00a0\u2013\u00a0Discuss\u00f5es em grupo de projetos individuais e trabalhos em curso de alunos de mestrado e doutoramento. M\u00e1ximo de 4 p\u00e1ginas (2.500 palavras).<\/li>\n<\/ul>\n<p>Para mais detalhes entre em contato com o diretor de publicidade\u00a0<span id=\"cloak57452\"><a href=\"mailto:secretariat@ciawi-conf.org\">secretariat@ciawi-conf.org<\/a><\/span><\/p>\n<p><strong>Datas Importantes:<\/strong><br \/>\n<strong>\u2013 Prazo Limite para Submiss\u00e3o (\u00daltima Chamada): <\/strong>25 Outubro\u00a02024<br \/>\n<strong>\u2013 Notifica\u00e7\u00e3o aos Autores (\u00daltima Chamada): <\/strong>18 Novembro\u00a02024<br \/>\n<strong>\u2013 Submiss\u00e3o de Vers\u00f5es Finais e Inscri\u00e7\u00e3o (1\u00aa chamada): <\/strong>21 Outubro 2024<br \/>\n<strong>\u2013 Confer\u00eancia:<\/strong> 11 \u2013 12 Dezembro 2024<\/p>\n","protected":false},"excerpt":{"rendered":"<p>A confer\u00eancia Ibero-Americana WWW\/Internet 2024 pretende focar os principais aspectos relacionados com a WWW e a Internet. A WWW e a Internet tiveram um crescimento significativo nos \u00faltimos anos. As preocupa\u00e7\u00f5es j\u00e1 n\u00e3o se centram apenas nos aspectos tecnol\u00f3gicos e torna-se not\u00f3rio o despertar para outros aspectos. Esta confer\u00eancia pretende abordar ambos os aspectos, tecnol\u00f3gicos [&hellip;]<\/p>\n","protected":false},"author":1,"featured_media":0,"parent":0,"menu_order":0,"comment_status":"closed","ping_status":"closed","template":"","meta":{"footnotes":""},"_links":{"self":[{"href":"https:\/\/www.ciawi-conf.org\/oldconferences\/2024\/pt\/wp-json\/wp\/v2\/pages\/14"}],"collection":[{"href":"https:\/\/www.ciawi-conf.org\/oldconferences\/2024\/pt\/wp-json\/wp\/v2\/pages"}],"about":[{"href":"https:\/\/www.ciawi-conf.org\/oldconferences\/2024\/pt\/wp-json\/wp\/v2\/types\/page"}],"author":[{"embeddable":true,"href":"https:\/\/www.ciawi-conf.org\/oldconferences\/2024\/pt\/wp-json\/wp\/v2\/users\/1"}],"replies":[{"embeddable":true,"href":"https:\/\/www.ciawi-conf.org\/oldconferences\/2024\/pt\/wp-json\/wp\/v2\/comments?post=14"}],"version-history":[{"count":115,"href":"https:\/\/www.ciawi-conf.org\/oldconferences\/2024\/pt\/wp-json\/wp\/v2\/pages\/14\/revisions"}],"predecessor-version":[{"id":2474,"href":"https:\/\/www.ciawi-conf.org\/oldconferences\/2024\/pt\/wp-json\/wp\/v2\/pages\/14\/revisions\/2474"}],"wp:attachment":[{"href":"https:\/\/www.ciawi-conf.org\/oldconferences\/2024\/pt\/wp-json\/wp\/v2\/media?parent=14"}],"curies":[{"name":"wp","href":"https:\/\/api.w.org\/{rel}","templated":true}]}}