{"id":126,"date":"2014-05-29T15:23:08","date_gmt":"2014-05-29T15:23:08","guid":{"rendered":"http:\/\/sustainability-conf.org\/2014\/?page_id=126"},"modified":"2024-07-29T15:59:11","modified_gmt":"2024-07-29T15:59:11","slug":"publication-ethics-statement","status":"publish","type":"page","link":"https:\/\/www.ciawi-conf.org\/oldconferences\/2024\/pt\/publication-ethics-statement\/","title":{"rendered":"Declara\u00e7\u00e3o de \u00c9tica de Publica\u00e7\u00e3o"},"content":{"rendered":"<p style=\"text-align: justify;\">A confer\u00eancia CIAWI segue os mais altos n\u00edveis de \u00e9tica de publica\u00e7\u00e3o e assume todos os procedimentos para evitar m\u00e1 conduta em termos de publica\u00e7\u00e3o. Esta confer\u00eancia n\u00e3o aceita qualquer tipo de plagiarismo, o que significa que um autor que replique uma parte significativa do trabalho de outros autores sem o referenciar ou assuma o trabalho de outr\u00e9m como sendo seu n\u00e3o ser\u00e1 nem tolerado nem publicado.<\/p>\n<p style=\"text-align: justify;\">Todos os autores que submetam os seus trabalhos para a confer\u00eancia CIAWI como trabalhos originais, confirmam que os trabalhos submetidos s\u00e3o da sua autoria e n\u00e3o foram copiados no todo ou em parte de outros trabalhos.<\/p>\n<p style=\"text-align: justify;\">Cada submiss\u00e3o ser\u00e1 anonimamente avaliada (revista) por uma m\u00e9dia de tr\u00eas avaliadores (revisores), para assegurar o alto n\u00edvel e qualidade de cada submiss\u00e3o aceite.<\/p>\n<p style=\"text-align: justify;\">Os avaliadores (revisores) dever\u00e3o identificar parte significativa de trabalho publicado que n\u00e3o tenha sido referenciada pelos autores.<\/p>\n<p style=\"text-align: justify;\">A confer\u00eancia CIAWI garante que todo o processo de avalia\u00e7\u00e3o (revis\u00e3o) e processo de publica\u00e7\u00e3o \u00e9 objetiva de forma meticulosa.<\/p>\n","protected":false},"excerpt":{"rendered":"<p>A confer\u00eancia CIAWI segue os mais altos n\u00edveis de \u00e9tica de publica\u00e7\u00e3o e assume todos os procedimentos para evitar m\u00e1 conduta em termos de publica\u00e7\u00e3o. Esta confer\u00eancia n\u00e3o aceita qualquer tipo de plagiarismo, o que significa que um autor que replique uma parte significativa do trabalho de outros autores sem o referenciar ou assuma o [&hellip;]<\/p>\n","protected":false},"author":1,"featured_media":0,"parent":0,"menu_order":0,"comment_status":"closed","ping_status":"closed","template":"","meta":{"footnotes":""},"_links":{"self":[{"href":"https:\/\/www.ciawi-conf.org\/oldconferences\/2024\/pt\/wp-json\/wp\/v2\/pages\/126"}],"collection":[{"href":"https:\/\/www.ciawi-conf.org\/oldconferences\/2024\/pt\/wp-json\/wp\/v2\/pages"}],"about":[{"href":"https:\/\/www.ciawi-conf.org\/oldconferences\/2024\/pt\/wp-json\/wp\/v2\/types\/page"}],"author":[{"embeddable":true,"href":"https:\/\/www.ciawi-conf.org\/oldconferences\/2024\/pt\/wp-json\/wp\/v2\/users\/1"}],"replies":[{"embeddable":true,"href":"https:\/\/www.ciawi-conf.org\/oldconferences\/2024\/pt\/wp-json\/wp\/v2\/comments?post=126"}],"version-history":[{"count":4,"href":"https:\/\/www.ciawi-conf.org\/oldconferences\/2024\/pt\/wp-json\/wp\/v2\/pages\/126\/revisions"}],"predecessor-version":[{"id":2420,"href":"https:\/\/www.ciawi-conf.org\/oldconferences\/2024\/pt\/wp-json\/wp\/v2\/pages\/126\/revisions\/2420"}],"wp:attachment":[{"href":"https:\/\/www.ciawi-conf.org\/oldconferences\/2024\/pt\/wp-json\/wp\/v2\/media?parent=126"}],"curies":[{"name":"wp","href":"https:\/\/api.w.org\/{rel}","templated":true}]}}