{"id":38,"date":"2014-03-26T22:19:58","date_gmt":"2014-03-26T22:19:58","guid":{"rendered":"http:\/\/its-conf.org\/2014\/?page_id=38"},"modified":"2024-11-11T12:17:10","modified_gmt":"2024-11-11T12:17:10","slug":"submissions","status":"publish","type":"page","link":"https:\/\/www.ciawi-conf.org\/oldconferences\/2024\/es\/submissions\/","title":{"rendered":"Submisiones"},"content":{"rendered":"<p style=\"text-align: justify;\">Las siguientes instrucciones deben ser seguidas en toda contribuci\u00f3n. Por favor, l\u00e9alas cuidadosamente y use el\u00a0<strong><a href=\"https:\/\/ciawi-conf.org\/es\/wp-content\/uploads\/2022\/04\/IADIS_Conference_Template.doc\" target=\"_blank\" rel=\"noopener noreferrer\">Molde Word<\/a><\/strong>\u00a0que proveemos. Luego, use el\u00a0<strong>Sistema de Env\u00edo Electr\u00f3nica<\/strong>\u00a0para enviar su art\u00edculo.<\/p>\n<p style=\"text-align: justify;\"><strong>Aspectos importantes:<br \/>\n<\/strong>El trabajo enviado debe ser un trabajo completo. Por favor, no enviar res\u00famenes<\/p>\n<p style=\"text-align: justify;\">El archivo del art\u00edculo o poster enviado debe ser submitido anonimamente (sin ninguna referencia a la filiaci\u00f3n del autor).<\/p>\n<p>La conferencia ha establecido un<strong> l\u00edmite m\u00e1ximo de 3 trabajos por autor (incluidos los art\u00edculos en coautor\u00eda)<\/strong>. Importante: las submisiones que excedan este l\u00edmite no ser\u00e1n consideradas.<\/p>\n<p>&nbsp;<\/p>\n<p style=\"text-align: justify;\"><strong>Instrucciones para la Submisi\u00f3n<\/strong><\/p>\n<p style=\"text-align: justify;\">Estas gu\u00edas incluyen la descripci\u00f3n completa de las fuentes, espaciado e informaci\u00f3n relacionada para producir la submisi\u00f3n.<\/p>\n<p style=\"text-align: justify;\"><strong>Tama\u00f1o de Hoja:<\/strong>\u00a0A4<\/p>\n<table style=\"margin: 10px 0 10px;\" border=\"0\">\n<tbody>\n<tr>\n<td><strong>Margenes:<\/strong><\/td>\n<td style=\"width: 10%;\"><\/td>\n<td>Top:<br \/>\nLeft:<br \/>\nHeader:<\/td>\n<td>3,3 cm<br \/>\n3 cm<br \/>\n1,5 cm<\/td>\n<td style=\"width: 10%;\"><\/td>\n<td>Bottom:<br \/>\nRight:<br \/>\nFooter:<\/td>\n<td>4 cm<br \/>\n2,5 cm<br \/>\n2,5 cm<\/td>\n<\/tr>\n<\/tbody>\n<\/table>\n<p style=\"text-align: justify;\"><strong>No use pies, encabezamientos o n\u00fameros de p\u00e1gina<\/strong><\/p>\n<p style=\"text-align: justify;\"><strong>Titulo:<\/strong>\u00a0El t\u00edtulo debe estar centrado en 16pt Times New Roman, negritas, todas may\u00fasculas y un espaciado de paragrafo posterior de 24pt.<\/p>\n<p style=\"text-align: justify;\"><strong>Autores:<\/strong>\u00a0Los nombres de los autores deben estar centrados en 11pt Times New Roman.<\/p>\n<p style=\"text-align: justify;\"><strong>Filiaci\u00f3n:<\/strong>\u00a0La filiaci\u00f3n debe estar centrada en it\u00e1lica de 9pt Times New Roman.<\/p>\n<p style=\"text-align: justify;\"><strong>Resumen:<\/strong>\u00a0Use la palabra RESUMEN como t\u00edtulo, en 9 pt Times New Roman, negritas, espaciado de par\u00e1grafo anterior de 42 pt y posterior de 6pt. El abstract debe estar en 9pt Times New Roman y justificado.<\/p>\n<p style=\"text-align: justify;\"><strong>Palabras clave:<\/strong>\u00a0Use Palabras Clave como t\u00edtulo en 9 pt Times New Roman, negritas, espaciado de paragrado posterior de 18 y anterior de 6. Las palabras claves deben estar en 10pt Times New Roman y justificado.<\/p>\n<p style=\"text-align: justify;\"><strong>Texto Principal:<\/strong>\u00a0Tipee el texto principal en 10 pt Times New Roman y justificado. Por favor no ubique lineas en blanco adicionales entre paragrafos. El segundo par\u00e1grafo y los subsiguientes deben estar indentados en la primer linea en 0,5 cm.<\/p>\n<p style=\"text-align: justify;\">Program listings or program commands in the text are normally set in typewriter font, e.g., CMTT9 or Courier.<\/p>\n<p style=\"text-align: justify;\"><strong>Encabezamientos de primer nivel:<\/strong>\u00a0Por ejemplo, &#8220;1. ENCABEZAMIENTO&#8221;, deber\u00eda estan en 13pt Times New Roman, negrita, espaciado de parrafo posterior de 24, y anterior de 12pt, alineado a izquierda y en may\u00fascula. Use un punto (&#8220;.&#8221;) luego del encabezamiento.<\/p>\n<p style=\"text-align: justify;\"><strong>Encabezamientos de segundo nivel:<\/strong>\u00a0Por ejemplo, &#8220;1.1 Encabezamiento&#8221;, deben ser de 13pt Times New Roman, negrita, primera letra en mayuscula, alineado a izquierda, espaciado posterior de paragrafo de 12pt y anterior de 12pt. No use un punto (&#8220;.&#8221;) luego del n\u00famero.<\/p>\n<p style=\"text-align: justify;\"><strong>Encabezamiento de tercer orden:<\/strong>\u00a0Por ejemplo, &#8220;1.1.1 Encabezamiento&#8221;, debe ser de 11pt Times New Roman, negrita, primera letra en may\u00fascula, alineado a izquierda, espaciado posterior de 6pt y anterior de 6pt. No use un punto (&#8220;.&#8221;) despu\u00e9s del n\u00famero de encabezamiento.<\/p>\n<p style=\"text-align: justify;\">No use m\u00e1s de tres niveles de encabezamiento<\/p>\n<p style=\"text-align: justify;\"><strong>Notas al pie:<\/strong>\u00a0Use notas al pie espaciadas (o no las use) y ubiquelas al pie de la p\u00e1gina donde son referenciadas. Use 8pt Times New Roman, justificado. Para ayudar a los lectores, evite usar notas al pie juntas y ubique las observaciones directamente en el texto (entre par\u00e9ntesis , si lo prefiere, como en esta oraci\u00f3n).<\/p>\n<p style=\"text-align: justify;\"><strong>Figuras y Tablas:<\/strong>\u00a0Todas las figuras y tablas deben tener un r\u00f3tulo. Los r\u00f3tulos de las tablas y figuras debe ser de 9pt Times New Roman. Ponga en may\u00fascula solo la letra inicial de los r\u00f3tulos de las figuras y tablas. Las figuras y tablas deben numerarse por separado. Por ejemplo example &#8220;Figura 1. Texto aqu\u00ed&#8221;, &#8220;Tabla 1. Texto aqu\u00ed&#8221;. Los r\u00f3tulos deben centrarse debajo de las figuras con espaciado posterior de 6pt y anterior de 6pt. Los t\u00edtulos de las tablas deben centrarse sobre las tablas, con espaciado posterior de 6pt y anterior de 6pt.<\/p>\n<p style=\"text-align: justify;\"><strong>Referencias:<\/strong>\u00a0Las referencias deben listarse alfab\u00e9ticamente. Debe usarse fuente de 9pt Times New Roman, justificada, con indentaci\u00f3n de 0,5 cm and espaciado posterior de 2pt.<\/p>\n","protected":false},"excerpt":{"rendered":"<p>Las siguientes instrucciones deben ser seguidas en toda contribuci\u00f3n. Por favor, l\u00e9alas cuidadosamente y use el\u00a0Molde Word\u00a0que proveemos. Luego, use el\u00a0Sistema de Env\u00edo Electr\u00f3nica\u00a0para enviar su art\u00edculo. Aspectos importantes: El trabajo enviado debe ser un trabajo completo. Por favor, no enviar res\u00famenes El archivo del art\u00edculo o poster enviado debe ser submitido anonimamente (sin ninguna [&hellip;]<\/p>\n","protected":false},"author":1,"featured_media":0,"parent":0,"menu_order":0,"comment_status":"closed","ping_status":"closed","template":"","meta":{"footnotes":""},"_links":{"self":[{"href":"https:\/\/www.ciawi-conf.org\/oldconferences\/2024\/es\/wp-json\/wp\/v2\/pages\/38"}],"collection":[{"href":"https:\/\/www.ciawi-conf.org\/oldconferences\/2024\/es\/wp-json\/wp\/v2\/pages"}],"about":[{"href":"https:\/\/www.ciawi-conf.org\/oldconferences\/2024\/es\/wp-json\/wp\/v2\/types\/page"}],"author":[{"embeddable":true,"href":"https:\/\/www.ciawi-conf.org\/oldconferences\/2024\/es\/wp-json\/wp\/v2\/users\/1"}],"replies":[{"embeddable":true,"href":"https:\/\/www.ciawi-conf.org\/oldconferences\/2024\/es\/wp-json\/wp\/v2\/comments?post=38"}],"version-history":[{"count":48,"href":"https:\/\/www.ciawi-conf.org\/oldconferences\/2024\/es\/wp-json\/wp\/v2\/pages\/38\/revisions"}],"predecessor-version":[{"id":2479,"href":"https:\/\/www.ciawi-conf.org\/oldconferences\/2024\/es\/wp-json\/wp\/v2\/pages\/38\/revisions\/2479"}],"wp:attachment":[{"href":"https:\/\/www.ciawi-conf.org\/oldconferences\/2024\/es\/wp-json\/wp\/v2\/media?parent=38"}],"curies":[{"name":"wp","href":"https:\/\/api.w.org\/{rel}","templated":true}]}}