{"id":26,"date":"2014-03-26T22:17:46","date_gmt":"2014-03-26T22:17:46","guid":{"rendered":"http:\/\/its-conf.org\/2014\/?page_id=26"},"modified":"2024-07-31T11:22:16","modified_gmt":"2024-07-31T11:22:16","slug":"location","status":"publish","type":"page","link":"https:\/\/www.ciawi-conf.org\/oldconferences\/2024\/es\/location\/","title":{"rendered":"Ubicac\u00edon de la Conferencia"},"content":{"rendered":"<p>La edici\u00f3n de este a\u00f1o se realizar\u00e1 en formato virtual.<\/p>\n","protected":false},"excerpt":{"rendered":"<p>La edici\u00f3n de este a\u00f1o se realizar\u00e1 en formato virtual.<\/p>\n","protected":false},"author":1,"featured_media":0,"parent":0,"menu_order":0,"comment_status":"closed","ping_status":"closed","template":"","meta":{"footnotes":""},"_links":{"self":[{"href":"https:\/\/www.ciawi-conf.org\/oldconferences\/2024\/es\/wp-json\/wp\/v2\/pages\/26"}],"collection":[{"href":"https:\/\/www.ciawi-conf.org\/oldconferences\/2024\/es\/wp-json\/wp\/v2\/pages"}],"about":[{"href":"https:\/\/www.ciawi-conf.org\/oldconferences\/2024\/es\/wp-json\/wp\/v2\/types\/page"}],"author":[{"embeddable":true,"href":"https:\/\/www.ciawi-conf.org\/oldconferences\/2024\/es\/wp-json\/wp\/v2\/users\/1"}],"replies":[{"embeddable":true,"href":"https:\/\/www.ciawi-conf.org\/oldconferences\/2024\/es\/wp-json\/wp\/v2\/comments?post=26"}],"version-history":[{"count":69,"href":"https:\/\/www.ciawi-conf.org\/oldconferences\/2024\/es\/wp-json\/wp\/v2\/pages\/26\/revisions"}],"predecessor-version":[{"id":2452,"href":"https:\/\/www.ciawi-conf.org\/oldconferences\/2024\/es\/wp-json\/wp\/v2\/pages\/26\/revisions\/2452"}],"wp:attachment":[{"href":"https:\/\/www.ciawi-conf.org\/oldconferences\/2024\/es\/wp-json\/wp\/v2\/media?parent=26"}],"curies":[{"name":"wp","href":"https:\/\/api.w.org\/{rel}","templated":true}]}}