{"id":20,"date":"2014-03-26T22:16:51","date_gmt":"2014-03-26T22:16:51","guid":{"rendered":"http:\/\/its-conf.org\/2014\/?page_id=20"},"modified":"2024-07-31T20:18:39","modified_gmt":"2024-07-31T20:18:39","slug":"registrationrates","status":"publish","type":"page","link":"https:\/\/www.ciawi-conf.org\/oldconferences\/2024\/es\/registrationrates\/","title":{"rendered":"Tarifas de la Conferencia"},"content":{"rendered":"<p style=\"text-align: justify;\">Las siguientes tarifas se aplican a miembros de IADIS con inscripciones validas y tambien a no miembros.<\/p>\n<p style=\"text-align: justify;\"><strong>Por favor nota:<\/strong><\/p>\n<ul>\n<li style=\"text-align: justify;\"><strong>Las tarifas regulares incluyen:\u00a0<\/strong>Acceso a todas las sessiones, Certificado y Copia digital de las Actas de la Conferencia.<\/li>\n<li style=\"text-align: justify;\"><strong>Lo libro con actas de la conferencia es Extra<\/strong>\u2013 la copia digital ten todos los art\u00edculos publicados en la conferencia e esta incluido en precio de las tarifas regulares incluido no preso das tarifas regulares.<\/li>\n<li style=\"text-align: justify;\"><strong><span class=\"\">El pago del registro debe hacerse en euros,\u00a0<\/span><\/strong><span class=\"\">aceptamos tarjeta de cr\u00e9dito (Visa, MasterCard y American Express) o transferencia bancaria (todos los costos corren a cargo del transmisor). Si paga mediante transferencia bancaria, env\u00ede una copia del recibo al correo electr\u00f3nico de la secretar\u00eda de la conferencia.<\/span><\/li>\n<\/ul>\n<table border=\"1\" width=\"810\" align=\"center\">\n<tbody>\n<tr>\n<td><\/td>\n<td style=\"text-align: center;\"><strong>Hasta el 21 Octubre 2024<br \/>\n(Precios en EURO)<br \/>\n<\/strong><\/td>\n<td style=\"text-align: center;\"><strong>Despues del 21 Octubre 2024<br \/>\n(Precios en EURO)<\/strong><\/td>\n<\/tr>\n<tr>\n<td><strong>Miembro IADIS * \/ Estudiante No Miembro**<\/strong><\/td>\n<td style=\"text-align: center;\">190<\/td>\n<td style=\"text-align: center;\">260<\/td>\n<\/tr>\n<tr>\n<td><strong>Estudiante Miembro IADIS ** \/ Participante<\/strong><\/td>\n<td style=\"text-align: center;\">110<\/td>\n<td style=\"text-align: center;\">180<\/td>\n<\/tr>\n<tr>\n<td><strong>No Miembro<\/strong><\/td>\n<td style=\"text-align: center;\">270<\/td>\n<td style=\"text-align: center;\">340<\/td>\n<\/tr>\n<\/tbody>\n<\/table>\n<div align=\"center\">\n<div align=\"center\">\n<p style=\"text-align: left;\">* con inscripci\u00f3n de miembro v\u00e1lida.<\/p>\n<p style=\"text-align: justify;\">** Las tarifas de estudiante se aplican solamente a estudiantes de tiempo completo (full-time) siendo necesaria una declaracion de la universidad certificando este hecho (la declaracion debe ser enviada por fax \u2013 de otra manera no sera considerado). Lo original de la declaraci\u00f3n deber\u00e1 ser presentado en la recepci\u00f3n de la conferencia.<\/p>\n<p style=\"text-align: justify;\"><strong>Inscripci\u00f3n como Miembro IADIS<\/strong>\u00a0\u2013 75 Euro (Valido para inscripci\u00f3n de un a\u00f1o)<\/p>\n<p style=\"text-align: justify;\"><strong>Libro con actas de la conferencia<\/strong>\u00a0\u2013 40 Euro<\/p>\n<p style=\"text-align: justify;\"><strong>Copia Digital con las Actas de la Conferencia<\/strong>\u00a0\u2013 25 Euro (una copia digital se incluye con todos los inscripcions)<\/p>\n<p style=\"text-align: justify;\"><strong>Autor presentando un articulo adicional<\/strong> \u2013 90 Euro (<u>Por favor nota: S\u00f3lo se permite una presentaci\u00f3n adicional para cada inscripcion<\/u>.)<\/p>\n<\/div>\n<div align=\"center\">\n<table style=\"height: 156px;\" border=\"1\" align=\"center\">\n<tbody>\n<tr style=\"height: 48px;\">\n<td style=\"height: 48px; width: 195px; text-align: center;\"><\/td>\n<td style=\"height: 48px; width: 286px; text-align: center;\"><strong>Paginas Incluidas en el precio regular<\/strong><\/td>\n<td style=\"height: 48px; width: 124px; text-align: center;\"><strong>Paginas extra***<\/strong><\/td>\n<td style=\"height: 48px; width: 192px; text-align: center;\"><strong>Total M\u00e1ximo de Paginas<\/strong><\/td>\n<\/tr>\n<tr style=\"height: 24px;\">\n<td style=\"height: 24px; width: 195px; text-align: center;\"><strong>Trabajos Largos<\/strong><\/td>\n<td style=\"height: 24px; width: 286px; text-align: center;\">8<\/td>\n<td style=\"height: 24px; width: 124px; text-align: center;\">up to 4<\/td>\n<td style=\"height: 24px; width: 192px; text-align: center;\">12<\/td>\n<\/tr>\n<tr style=\"height: 24px;\">\n<td style=\"height: 24px; width: 195px; text-align: center;\"><strong>Trabajos Cortos<\/strong><\/td>\n<td style=\"height: 24px; width: 286px; text-align: center;\">5<\/td>\n<td style=\"height: 24px; width: 124px; text-align: center;\">up to 1<\/td>\n<td style=\"height: 24px; width: 192px; text-align: center;\">6<\/td>\n<\/tr>\n<tr style=\"height: 24px;\">\n<td style=\"height: 24px; width: 195px; text-align: center;\"><strong>Trabajo Doctoral<\/strong><\/td>\n<td style=\"height: 24px; width: 286px; text-align: center;\">5<\/td>\n<td style=\"height: 24px; width: 124px; text-align: center;\">up to 1<\/td>\n<td style=\"height: 24px; width: 192px; text-align: center;\">6<\/td>\n<\/tr>\n<tr style=\"height: 24px;\">\n<td style=\"height: 24px; width: 195px; text-align: center;\"><strong>Art\u00edculos Reflexi\u00f3n<\/strong><\/td>\n<td style=\"height: 24px; width: 286px; text-align: center;\">4<\/td>\n<td style=\"height: 24px; width: 124px; text-align: center;\">up to 1<\/td>\n<td style=\"height: 24px; width: 192px; text-align: center;\">5<\/td>\n<\/tr>\n<tr style=\"height: 48px;\">\n<td style=\"height: 12px; width: 195px; text-align: center;\"><strong>P\u00f3sters \/ Demostraciones<\/strong><\/td>\n<td style=\"height: 12px; width: 286px; text-align: center;\">3<\/td>\n<td style=\"height: 12px; width: 124px; text-align: center;\">up to 1<\/td>\n<td style=\"height: 12px; width: 192px; text-align: center;\">4<\/td>\n<\/tr>\n<\/tbody>\n<\/table>\n<div align=\"center\">\n<p>** El precio de paginas extra es de 50 euros por pagina extra.<\/p>\n<p><strong>El formulario de inscripcion en la conferencia se encuentra disponible\u00a0<\/strong><a href=\"https:\/\/www.conf-system.org\/confman_ciawi2024_es\/registration.asp\" target=\"_blank\" rel=\"noopener noreferrer\"><strong>aqui<\/strong><\/a><\/p>\n<\/div>\n<\/div>\n<\/div>\n","protected":false},"excerpt":{"rendered":"<p>Las siguientes tarifas se aplican a miembros de IADIS con inscripciones validas y tambien a no miembros. Por favor nota: Las tarifas regulares incluyen:\u00a0Acceso a todas las sessiones, Certificado y Copia digital de las Actas de la Conferencia. Lo libro con actas de la conferencia es Extra\u2013 la copia digital ten todos los art\u00edculos publicados [&hellip;]<\/p>\n","protected":false},"author":1,"featured_media":0,"parent":0,"menu_order":0,"comment_status":"closed","ping_status":"closed","template":"","meta":{"footnotes":""},"_links":{"self":[{"href":"https:\/\/www.ciawi-conf.org\/oldconferences\/2024\/es\/wp-json\/wp\/v2\/pages\/20"}],"collection":[{"href":"https:\/\/www.ciawi-conf.org\/oldconferences\/2024\/es\/wp-json\/wp\/v2\/pages"}],"about":[{"href":"https:\/\/www.ciawi-conf.org\/oldconferences\/2024\/es\/wp-json\/wp\/v2\/types\/page"}],"author":[{"embeddable":true,"href":"https:\/\/www.ciawi-conf.org\/oldconferences\/2024\/es\/wp-json\/wp\/v2\/users\/1"}],"replies":[{"embeddable":true,"href":"https:\/\/www.ciawi-conf.org\/oldconferences\/2024\/es\/wp-json\/wp\/v2\/comments?post=20"}],"version-history":[{"count":99,"href":"https:\/\/www.ciawi-conf.org\/oldconferences\/2024\/es\/wp-json\/wp\/v2\/pages\/20\/revisions"}],"predecessor-version":[{"id":2457,"href":"https:\/\/www.ciawi-conf.org\/oldconferences\/2024\/es\/wp-json\/wp\/v2\/pages\/20\/revisions\/2457"}],"wp:attachment":[{"href":"https:\/\/www.ciawi-conf.org\/oldconferences\/2024\/es\/wp-json\/wp\/v2\/media?parent=20"}],"curies":[{"name":"wp","href":"https:\/\/api.w.org\/{rel}","templated":true}]}}