{"id":18,"date":"2014-03-26T22:16:26","date_gmt":"2014-03-26T22:16:26","guid":{"rendered":"http:\/\/its-conf.org\/2014\/?page_id=18"},"modified":"2024-09-30T09:58:38","modified_gmt":"2024-09-30T09:58:38","slug":"important-dates","status":"publish","type":"page","link":"https:\/\/www.ciawi-conf.org\/oldconferences\/2024\/es\/important-dates\/","title":{"rendered":"Fechas Importantes"},"content":{"rendered":"<p><strong>\u2013 Plazo L\u00edmite de Env\u00edo (\u00daltima Llamada): <\/strong>25 Octubre \u00a02024<\/p>\n<p><strong>\u2013 Notificaci\u00f3n a los Autores (\u00daltima Llamada): <\/strong>18 Noviembre 2024<\/p>\n<p><strong>\u2013 Env\u00edo de Versiones Finales y Registro Temprano (1\u00aa Lhamada): <\/strong>21 Octubre 2024<\/p>\n<p><strong>\u2013 Conferencia:<\/strong> 11 \u2013 12 Diciembre 2024<\/p>\n","protected":false},"excerpt":{"rendered":"<p>\u2013 Plazo L\u00edmite de Env\u00edo (\u00daltima Llamada): 25 Octubre \u00a02024 \u2013 Notificaci\u00f3n a los Autores (\u00daltima Llamada): 18 Noviembre 2024 \u2013 Env\u00edo de Versiones Finales y Registro Temprano (1\u00aa Lhamada): 21 Octubre 2024 \u2013 Conferencia: 11 \u2013 12 Diciembre 2024<\/p>\n","protected":false},"author":1,"featured_media":0,"parent":0,"menu_order":0,"comment_status":"closed","ping_status":"closed","template":"","meta":{"footnotes":""},"_links":{"self":[{"href":"https:\/\/www.ciawi-conf.org\/oldconferences\/2024\/es\/wp-json\/wp\/v2\/pages\/18"}],"collection":[{"href":"https:\/\/www.ciawi-conf.org\/oldconferences\/2024\/es\/wp-json\/wp\/v2\/pages"}],"about":[{"href":"https:\/\/www.ciawi-conf.org\/oldconferences\/2024\/es\/wp-json\/wp\/v2\/types\/page"}],"author":[{"embeddable":true,"href":"https:\/\/www.ciawi-conf.org\/oldconferences\/2024\/es\/wp-json\/wp\/v2\/users\/1"}],"replies":[{"embeddable":true,"href":"https:\/\/www.ciawi-conf.org\/oldconferences\/2024\/es\/wp-json\/wp\/v2\/comments?post=18"}],"version-history":[{"count":75,"href":"https:\/\/www.ciawi-conf.org\/oldconferences\/2024\/es\/wp-json\/wp\/v2\/pages\/18\/revisions"}],"predecessor-version":[{"id":2475,"href":"https:\/\/www.ciawi-conf.org\/oldconferences\/2024\/es\/wp-json\/wp\/v2\/pages\/18\/revisions\/2475"}],"wp:attachment":[{"href":"https:\/\/www.ciawi-conf.org\/oldconferences\/2024\/es\/wp-json\/wp\/v2\/media?parent=18"}],"curies":[{"name":"wp","href":"https:\/\/api.w.org\/{rel}","templated":true}]}}