{"id":16,"date":"2014-03-26T22:15:08","date_gmt":"2014-03-26T22:15:08","guid":{"rendered":"http:\/\/its-conf.org\/2014\/?page_id=16"},"modified":"2025-10-10T09:41:55","modified_gmt":"2025-10-10T09:41:55","slug":"committees","status":"publish","type":"page","link":"https:\/\/www.ciawi-conf.org\/es\/committees\/","title":{"rendered":"Comit\u00e9 Cient\u00edfico"},"content":{"rendered":"<p><strong>Co-Chairs<\/strong><\/p>\n<p>Fl\u00e1via Santoro, Inteli &#8211; Instituto de Tecnologia e Lideran\u00e7a, Brasil<\/p>\n<p>Cristiano Costa, Universidade do Vale do Rio dos Sinos (Unisinos), Brasil<\/p>\n<p>&nbsp;<\/p>\n<p><b>Program Chair<\/b><\/p>\n<p>Paula Miranda, Escola Superior de Tecnologia, IPS, Portugal<\/p>\n<p>&nbsp;<\/p>\n<p><strong>Miembros del Comit\u00e9*<\/strong><\/p>\n<p>Adriano Manuel De Almeida Santos, Isep, Polytechnic of Porto, Portugal<br \/>\nAlejandro Zunino, Tandil University, Argentina<br \/>\nAlexandre Sena, UERJ, Brasil<br \/>\n\u00c1lvaro Su\u00e1rez Sarmiento, Las Palmas De Gran Canaria University, Espa\u00f1a<br \/>\nAna Guimar\u00e3es, Isla Gaia, Portugal<br \/>\nAnabela Moreira Bernardino, Computer Science And Communication Research Centre, Portugal<br \/>\nAng\u00e9lica De Antonio, Universidad Polit\u00e9cnica De Madrid, Espa\u00f1a<br \/>\nAntonio Munoz Canavate , Universidad De Extremadura, Espa\u00f1a<br \/>\nBr\u00e1ulio Alturas, Instituto Universit\u00e1rio de Lisboa (ISCTE-IUL), Portugal<br \/>\nCarlos Serr\u00e3o, ISCTE-IUL, Portugal<br \/>\nCarlos Rompante Cunha, CeDRI &amp; Instituto Polit\u00e9cnico de Bragan\u00e7a, Portugal<br \/>\nCaterina Foa, Iscte-iul, Portugal<br \/>\nCesar Collazos, University Of Cauca, Colombia<br \/>\nCesar Guerra, Universidad Politecnica De San Luis Potosi, Mexico<br \/>\nClaudia Marcos, Unicen University, Argentina<br \/>\nClaudia Motta, Universidade Federal do Rio de Janeiro, Brasil<br \/>\nClaudia Regina Batista, Universidade Federal de Santa Catarina &#8211; UFSC, Brasil<br \/>\nClaudio Luis Frankenberg, Pucrs, Brasil<br \/>\nDebora Barbosa, Universidade Feevale, Brasil<br \/>\nDenis S. Silveira, Universidade Federal de Pernambuco, Brasil<br \/>\nDominique Decouchant, Universidad Autonoma Metropolitana, M\u00e9xico<br \/>\nDuncan Ruiz, Pontif\u00edcia Universidade Cat\u00f3lica Do Rio Grande Do Sul, Brasil<br \/>\nElisabete Da Anuncia\u00e7\u00e3o Paulo Morais, Instituto Polit\u00e9cnico De Bragan\u00e7a &#8211; UNIAG, Portugal<br \/>\nEug\u00e9nia Moreira Bernardino Bernardino, Polit\u00e9cnico De Leiria, Portugal<br \/>\nF\u00e1bio Ant\u00f3nio Oliveira Fernandes, Universidade De Aveiro, Portugal<br \/>\nF\u00e1bio Ferrentini Sampaio, Instituto Polit\u00e9cnico de Set\u00fabal, Portugal<br \/>\nFatima Armas, Universidade De Coimbra, Portugal<br \/>\nFederico Botella, Universidad Miguel Hernandez de Elche, Espa\u00f1a<br \/>\nFelipe Gustsack, Universidade de Santa Cruz do Sul, Brasil<br \/>\nFernanda Lima, UnB, Brasil<br \/>\nFernando Ribeiro, Instituto Politecnico De Castelo Branco, Portugal<br \/>\nFernando Moreira, REMIT, Universidade Portucalense, Portugal<br \/>\nFlor De Mar\u00eda S\u00e1nchez Aguirre, Universidad C\u00e9sar Vallejo, Peru<br \/>\nFrancisco J. Garcia Penalvo, Universidad De Salamanca, Espa\u00f1a<br \/>\nGabriel C\u00e9sar Ferreira Pestana, Instituto Polit\u00e9cnico De Set\u00fabal, Portugal<br \/>\nGeorgia Regina Rodrigues Gomes Poly, Universidade Federal Fluminense &#8211; UFF &#8211; INFES, Brasil<br \/>\nHenrique Teixeira Gil, Age.Comm-Instituto Polit\u00e9cnico de Castelo Branco, Portugal<br \/>\nHilda Carvalho de Oliveira, Unesp &#8211; Universidade Estadual Paulista, Brasil<br \/>\nJavier Soriano, Universidad Polit\u00e9cnica de Madrid, Espa\u00f1a<br \/>\nJes\u00fas Rosa-bilbao, University Of Cadiz, Espa\u00f1a<br \/>\nJoaquim Agostinho Mendes Leite, Ipb &#8211; Instituto Polit\u00e9cnico De Bragan\u00e7a, Portugal<br \/>\nJorge da Silva Correia-Neto, UFRPE &#8211; Universidade Federal Rural de Pernambuco, Brasil<br \/>\nJorge Barbosa, Unisinos, Brasil<br \/>\nJose Carlos M M Metrolho, Instituto Polit\u00e9cnico de Castelo Branco, Portugal<br \/>\nJose Farinha, Instituto Polit\u00e9cnico de Coimbra, Portugal<br \/>\nJos\u00e9 Manuel Gon\u00e7alves, Instituto Polit\u00e9cnico de Coimbra, Portugal<br \/>\nJuan Carlos Guerri, Universidad Polit\u00e9cnica De Valencia, Espa\u00f1a<br \/>\nJuan Jose Pardo, University Of Castilla-la Mancha, Espa\u00f1a<br \/>\nJuan Manuel Vara, Universidad Rey Juan Carlos, Espana<br \/>\nKatja Gilly, Universidad Miguel Hernandez, Espa\u00f1a<br \/>\nLeonor Teixeira, Universidade De Aveiro, Portugal<br \/>\nLuis Martinez, Universidad De Jaen, Espa\u00f1a<br \/>\nLu\u00eds Carlos Bruno, Instituto Polit\u00e9cnico De Beja &#8211; Ipbeja, Portugal<br \/>\nManuel Jos\u00e9 Serra Da Fonseca, Instituto Polit\u00e9cnico De Viana Do Castelo, Portugal<br \/>\nMarcelo Lobosco, Ufjf, Brasil<br \/>\nMarcelo Mendon\u00e7a Teixeira, Ufrpe &#8211; Universidade Federal Rural De Pernambuco, Brasil<br \/>\nMarcos A. F. Borges, UNICAMP, Brasil<br \/>\nMarcus Guelpeli, Universidade Federal dos Vales do Jequitinhonha e Mucuri, Brasil<br \/>\nMaria \u00c1ngeles Moraga, Universidad De Castilla-la Mancha, Espa\u00f1a<br \/>\nMaria Luque Rodriguez, Universidad De Cordoba, Espa\u00f1a<br \/>\nMonica Costa, Instituto Politecnico De Castelo Branco, Portugal<br \/>\nNuno Fortes, Instituto Polit\u00e9cnico de Coimbra, ESTGOH, Portugal<br \/>\nP. Pablo Garrido Abenza, Universidad Miguel Hernandez, Espa\u00f1a<br \/>\nPablo Mu\u00f1oz Mart\u00ednez , Universidad De Alcal\u00e1, Espa\u00f1a<br \/>\nPaula Oliveira, Universidade De Tr\u00e1s-os-montes E Alto Douro, Portugal<br \/>\nPaulo Trigo, Instituto Superior De Engenharia De Lisboa, Portugal<br \/>\nPedro Pina, Instituto Polit\u00e9cnico de Coimbra &#8211; ESTGOH, Portugal<br \/>\nRegina Heidrich, Centro Universit\u00e1rio Feevale, Brasil<br \/>\nRoberto Murphy, Inaoe, M\u00e9xico<br \/>\nSalvador Alcaraz, Universidad Miguel Hernandez, Espa\u00f1a<br \/>\nSenhorinha De F\u00e1tima Capela Fortunas Teixeira, University Of Minho, Portugal<br \/>\nSilvia Beatriz Gonzalez Brambila, Universidad Autonoma Metropolitana, M\u00e9xico<br \/>\nVirginia Yannibelli, Isistan Research Institute (UNCPBA &#8211; CONICET), Argentina<br \/>\nVitor Gon\u00e7alves , Instituto Polit\u00e9cnico de Bragan\u00e7a, Portugal<br \/>\nYolanda Escudero Martin , Universidad Polit\u00e8cnica de Val\u00e8ncia, Espa\u00f1a<br \/>\nZita Sampaio, Instituto Superior T\u00e9cnico, Portugal<\/p>\n<p>*los miembros del comit\u00e9 est\u00e1n siendo invitados<\/p>\n","protected":false},"excerpt":{"rendered":"<p>Co-Chairs Fl\u00e1via Santoro, Inteli &#8211; Instituto de Tecnologia e Lideran\u00e7a, Brasil Cristiano Costa, Universidade do Vale do Rio dos Sinos (Unisinos), Brasil &nbsp; Program Chair Paula Miranda, Escola Superior de Tecnologia, IPS, Portugal &nbsp; Miembros del Comit\u00e9* Adriano Manuel De Almeida Santos, Isep, Polytechnic of Porto, Portugal Alejandro Zunino, Tandil University, Argentina Alexandre Sena, UERJ, [&hellip;]<\/p>\n","protected":false},"author":1,"featured_media":0,"parent":0,"menu_order":0,"comment_status":"closed","ping_status":"closed","template":"","meta":{"footnotes":""},"class_list":["post-16","page","type-page","status-publish","hentry"],"_links":{"self":[{"href":"https:\/\/www.ciawi-conf.org\/es\/wp-json\/wp\/v2\/pages\/16","targetHints":{"allow":["GET"]}}],"collection":[{"href":"https:\/\/www.ciawi-conf.org\/es\/wp-json\/wp\/v2\/pages"}],"about":[{"href":"https:\/\/www.ciawi-conf.org\/es\/wp-json\/wp\/v2\/types\/page"}],"author":[{"embeddable":true,"href":"https:\/\/www.ciawi-conf.org\/es\/wp-json\/wp\/v2\/users\/1"}],"replies":[{"embeddable":true,"href":"https:\/\/www.ciawi-conf.org\/es\/wp-json\/wp\/v2\/comments?post=16"}],"version-history":[{"count":118,"href":"https:\/\/www.ciawi-conf.org\/es\/wp-json\/wp\/v2\/pages\/16\/revisions"}],"predecessor-version":[{"id":2589,"href":"https:\/\/www.ciawi-conf.org\/es\/wp-json\/wp\/v2\/pages\/16\/revisions\/2589"}],"wp:attachment":[{"href":"https:\/\/www.ciawi-conf.org\/es\/wp-json\/wp\/v2\/media?parent=16"}],"curies":[{"name":"wp","href":"https:\/\/api.w.org\/{rel}","templated":true}]}}