{"id":14,"date":"2014-03-26T22:14:51","date_gmt":"2014-03-26T22:14:51","guid":{"rendered":"http:\/\/its-conf.org\/2014\/?page_id=14"},"modified":"2025-10-07T10:35:58","modified_gmt":"2025-10-07T10:35:58","slug":"llamado-a-la-participacion-con-la-presentacion-de-trabajos-en-espanol","status":"publish","type":"page","link":"https:\/\/www.ciawi-conf.org\/es\/llamado-a-la-participacion-con-la-presentacion-de-trabajos-en-espanol\/","title":{"rendered":"Llamado a la Participac\u00edon con la Presentaci\u00f3n de Trabajos en Espa\u00f1ol"},"content":{"rendered":"<p style=\"text-align: justify;\">La Conferencia Ibero Americana WWW\/Internet 2025 busca atacar los temas centrales de preocupaci\u00f3n dentro de la comunidad Internet. La WWW e Internet han tenido un enorme desarrollo en los a\u00f1os recientes. Los aspectos cr\u00edticos de esta tecnolog\u00eda no son solo tecnol\u00f3gicos pues han surgido otros focos de inter\u00e9s. Esta conferencia tiene como objetivo cubrir tanto los aspectos t\u00e9cnicos como los no t\u00e9cnicos (sociales, educativos, etc) relacionados con la WWW e Internet.<\/p>\n<p>Las \u00e1reas de inter\u00e9s de WWW\/Internet incluyen estas \u00e1reas aunque no est\u00e1n limitadas a ellas:<\/p>\n<table border=\"0\" cellpadding=\"0\">\n<tbody>\n<tr>\n<td><strong>Web 2.0<\/strong><br \/>\n\u2022 Sistemas Colaborativos<br \/>\n\u2022 Redes Sociales<br \/>\n\u2022 Folksonomias<br \/>\n\u2022 Wikis y Blogs distribuidos<br \/>\n\u2022 Programaci\u00f3n Web y Mashups<br \/>\n\u2022 Sistemas de valoraci\u00f3n y etiquetado por usuarios (user rating)<br \/>\n\u2022 Periodimo CiudadanoWeb Sem\u00e1ntica y XML<br \/>\n\u2022 Arquitecturas<br \/>\n\u2022 Middleware<br \/>\n\u2022 Servicios<br \/>\n\u2022 Agentes<br \/>\n\u2022 Ontolog\u00edas<br \/>\n\u2022 Aplicaciones<br \/>\n\u2022 Gesti\u00f3n de Datos<br \/>\n\u2022 Recuperaci\u00f3n de Informaci\u00f3n<\/p>\n<p>&nbsp;<\/p>\n<p><strong>Aplicaciones y Usos<\/strong><br \/>\n\u2022 Teleformaci\u00f3n (e-learning)<br \/>\n\u2022 Comercio y Negocio Electr\u00f3nico (e-Commerce \/ e-Business)<br \/>\n\u2022 Gobierno Electr\u00f3nico (e-Government)<br \/>\n\u2022 Medicina Electr\u00f3nica (e-Health)<br \/>\n\u2022 e-Procurement<br \/>\n\u2022 Sociedad Electr\u00f3nica (e-Society)<br \/>\n\u2022 Bibliotecas Digitales<br \/>\n\u2022 Servicios Web\/ Software de Servicio (SaaS)<br \/>\n\u2022 Interoperabilidad de Aplicaciones<br \/>\n\u2022 Tecnolog\u00edas Multimedia para la Web<\/p>\n<p>&nbsp;<\/p>\n<p><strong>Experiencia y Pr\u00e1ctica Industrial<\/strong><br \/>\n\u2022 Aplicaciones Empresariales<br \/>\n\u2022 Casos de Estudio en Empresas<br \/>\n\u2022 Sistemad de Informaci\u00f3n Empresarial<\/td>\n<td><strong>Servicios, Arquitecturas y Desarrollo Web<\/strong><br \/>\n\u2022 Web Inal\u00e1mbrica<br \/>\n\u2022 Web M\u00f3vil<br \/>\n\u2022 Computaci\u00f3n Grid\/Cloud<br \/>\n\u2022 M\u00e9tricas Web<br \/>\n\u2022 Est\u00e1ndares Web<br \/>\n\u2022 Arquitecturas de Internet<br \/>\n\u2022 Algoritmos de Red<br \/>\n\u2022 Arquitecturas de Red<br \/>\n\u2022 Computaci\u00f3n de Red<br \/>\n\u2022 Gesti\u00f3n de Redes<br \/>\n\u2022 Rendimiento de la Red<br \/>\n\u2022 Tecnolog\u00edas para Distribuci\u00f3n de Contenidos<br \/>\n\u2022 Protocolos y est\u00e1ndares<br \/>\n\u2022 Modelos de Tr\u00e1fico&nbsp;<\/p>\n<p><strong>Temas de Investigaci\u00f3n<\/strong><br \/>\n\u2022 Ciencia Web<br \/>\n\u2022 Gesti\u00f3n de Derechos Digitales<br \/>\n\u2022 BioInformatica<br \/>\n\u2022 Interacci\u00f3n Persona-Ordenador y Usabilidad<br \/>\n\u2022 Seguridad y Privacidad en la Web<br \/>\n\u2022 Sistemas de Reputaci\u00f3n y Confianza Online<br \/>\n\u2022 Data Analytics y Machine Learning<br \/>\n\u2022 Recuperaci\u00f3n de Informaci\u00f3n<br \/>\n\u2022 Optimizaci\u00f3n de Motores de B\u00fasqueda<\/p>\n<p>&nbsp;<\/p>\n<p><strong>\u00c1reas Emergentes<\/strong><br \/>\n\u2022 Transformaci\u00f3n Digital<br \/>\n\u2022 Blockchain<br \/>\n\u2022 Bitcoin y otras Criptomonedas<br \/>\n\u2022 Smart Cities<br \/>\n\u2022 Internet of Things<br \/>\n\u2022 Desarrollo de Apps M\u00f3viles<\/td>\n<\/tr>\n<\/tbody>\n<\/table>\n<p>Las contribuciones en Espa\u00f1ol pueden ser enviadas en los siguientes formatos:<\/p>\n<ul>\n<li style=\"text-align: justify;\"><strong>Trabajos Largos<\/strong>\u00a0\u2013 Incluyen b\u00e1sicamente resultados de investigaci\u00f3n finalizados, usando para la presentaci\u00f3n un m\u00e1ximo de 8 p\u00e1ginas (5,000 palabras).<\/li>\n<li style=\"text-align: justify;\"><strong>Trabajos Cortos<\/strong>\u00a0\u2013 Informes de trabajos de investigaci\u00f3n en curso o desarrollos recientes, usando 4 p\u00e1ginas como m\u00e1ximo (2,500 palabras).<\/li>\n<li style=\"text-align: justify;\"><strong>Art\u00edculos Reflexi\u00f3n<\/strong> \u2013 Los art\u00edculos de la reflexi\u00f3n pudieron tambi\u00e9n analizar tendencias generales o discutir ediciones importantes en los asuntos relacionados con WWW\/Internet. \u00c9stos tienen 4 p\u00e1ginas en el m\u00e1ximo (2500 palabras).<\/li>\n<li style=\"text-align: justify;\"><strong>P\u00f3sters\/Demostraciones<\/strong>\u00a0\u2013 Contienen informaci\u00f3n de implementaci\u00f3n o de trabajo en progreso en dos p\u00e1ginas como limite (1250 palabras), adem\u00e1s del P\u00f3ster o Demostraci\u00f3n a ser expuesto en la conferencia.<\/li>\n<li style=\"text-align: justify;\"><strong>Tutoriales<\/strong>\u00a0\u2013 Pueden ser presentados por acad\u00e9micos o representantes de compa\u00f1\u00edas. Se espera una propuesta de c\u00f3mo m\u00e1ximo de 250 palabras.<\/li>\n<li style=\"text-align: justify;\"><strong>Paneles<\/strong>\u00a0\u2013 Se realizar\u00e1n discusiones sobre t\u00f3picos seleccionados. Se espera una propuesta de 250 palabras y sugerencias respecto a los posibles invitados.<\/li>\n<li style=\"text-align: justify;\"><strong>Conferencias Invitadas<\/strong>\u00a0\u2013 Se invitar\u00e1n destacados acad\u00e9micos o miembros de empresas para dictarlas. Un resumen de las mismas se incluir\u00e1 en los libros de actas de la conferencia.<\/li>\n<li style=\"text-align: justify;\"><strong>Consorcio de Posgrado<\/strong>\u00a0\u2013 Se discutir\u00e1 en grupos proyectos individuales y trabajo en curso de maestr\u00eda y doctorado. M\u00e1ximo de 4 p\u00e1ginas (2500 palabras).<\/li>\n<\/ul>\n<p>Para m\u00e1s informaci\u00f3n, p\u00f3ngase en contacto con el director de publicidad \u2013\u00a0<span id=\"cloak41697\"><a href=\"mailto:secretariat@ciawi-conf.org\">secretariat@ciawi-conf.org<\/a><\/span><\/p>\n<p style=\"text-align: justify;\"><b>Fechas Importantes:<\/b><br \/>\n<strong>\u2013 Plazo L\u00edmite de Env\u00edo (Llamada Extra): <\/strong>31\u00a0Octubre\u00a02025<br \/>\n<strong>\u2013 Notificaci\u00f3n a los Autores (Llamada Extra): <\/strong>17\u00a0Noviembre 2025<br \/>\n<strong>\u2013 Env\u00edo de Versiones Finales y Registro Temprano (1\u00aa Llamada): <\/strong>hasta el 30 Junio 2025<br \/>\n<strong>\u2013 Conferencia:<\/strong> 10 \u2013 11 Diciembre 2025<\/p>\n","protected":false},"excerpt":{"rendered":"<p>La Conferencia Ibero Americana WWW\/Internet 2025 busca atacar los temas centrales de preocupaci\u00f3n dentro de la comunidad Internet. La WWW e Internet han tenido un enorme desarrollo en los a\u00f1os recientes. Los aspectos cr\u00edticos de esta tecnolog\u00eda no son solo tecnol\u00f3gicos pues han surgido otros focos de inter\u00e9s. Esta conferencia tiene como objetivo cubrir tanto [&hellip;]<\/p>\n","protected":false},"author":1,"featured_media":0,"parent":0,"menu_order":0,"comment_status":"closed","ping_status":"closed","template":"","meta":{"footnotes":""},"class_list":["post-14","page","type-page","status-publish","hentry"],"_links":{"self":[{"href":"https:\/\/www.ciawi-conf.org\/es\/wp-json\/wp\/v2\/pages\/14","targetHints":{"allow":["GET"]}}],"collection":[{"href":"https:\/\/www.ciawi-conf.org\/es\/wp-json\/wp\/v2\/pages"}],"about":[{"href":"https:\/\/www.ciawi-conf.org\/es\/wp-json\/wp\/v2\/types\/page"}],"author":[{"embeddable":true,"href":"https:\/\/www.ciawi-conf.org\/es\/wp-json\/wp\/v2\/users\/1"}],"replies":[{"embeddable":true,"href":"https:\/\/www.ciawi-conf.org\/es\/wp-json\/wp\/v2\/comments?post=14"}],"version-history":[{"count":131,"href":"https:\/\/www.ciawi-conf.org\/es\/wp-json\/wp\/v2\/pages\/14\/revisions"}],"predecessor-version":[{"id":2588,"href":"https:\/\/www.ciawi-conf.org\/es\/wp-json\/wp\/v2\/pages\/14\/revisions\/2588"}],"wp:attachment":[{"href":"https:\/\/www.ciawi-conf.org\/es\/wp-json\/wp\/v2\/media?parent=14"}],"curies":[{"name":"wp","href":"https:\/\/api.w.org\/{rel}","templated":true}]}}